{"id":202,"date":"2023-06-22T18:18:37","date_gmt":"2023-06-22T18:18:37","guid":{"rendered":"https:\/\/ankercat.com\/?page_id=202"},"modified":"2025-02-21T16:27:48","modified_gmt":"2025-02-21T14:27:48","slug":"home","status":"publish","type":"page","link":"https:\/\/kobufe.hu\/en\/","title":{"rendered":"Home"},"content":{"rendered":"<section class=\"l-section wpb_row height_auto width_full\"><div class=\"l-section-h i-cf\"><div class=\"g-cols vc_row via_flex valign_top type_boxes stacking_default\"><div class=\"vc_col-sm-8 wpb_column vc_column_container\"><div class=\"vc_column-inner\"><div class=\"wpb_wrapper\"><div class=\"w-separator size_small\"><\/div><div class=\"wpb_text_column\"><div class=\"wpb_wrapper\"><h1>Welcome!<\/h1>\n<\/div><\/div><div class=\"w-separator size_small\"><\/div><div class=\"wpb_text_column\"><div class=\"wpb_wrapper\"><p>Are you looking for a lunch and for some refreshing drinks after Your trip in the Sz\u00e9chenyi-hill? Or it was Your main plan to visit us? Regardless how and why You arrived in our restaurant, we are glad to welcome You with wholesome cooked food and rich variety of drinks. Where all the noise of the city is gone, where the Children\u2019s Railway stops, right next to Normafa is the K\u0151b\u00fcf\u00e9 patiently awaiting You.<\/p>\n<p>Our restaurant is in the heart of the forest, but it is easy to find. If the Sun is shining and You prefer to have a rest as near to the nature as possible You may sit outside of the building at the wooden tables. If it is colder, You may choose our warm and comfortable restaurant building. To keep the golden mean: there are couple of tables outside, in an area that is separated with thermo-foils.<\/p>\n<p>The atmosphere is absolutely balanced with the historical environment (Viharb\u00fckk): old black-white photos, prints and postcards on the walls are telling the story of the restaurant and the Children\u2019s Railway. Do You rather choose to be up to date in sport? This is your place. Visit us with Your friends, have a seat, lean back, order from our drinks and enjoy the events on our T.V.<\/p>\n<p>We are the best choice for Birthday Parties and for similar events. It is a good idea to organize programs for kids in the K\u0151b\u00fcf\u00e9, because we have here food and drinks for the kids, and a great, modern, safe playground right next to us.<\/p>\n<p>Come, and visit us and You will see: beautiful nature, clean air, and hospitality are awaiting You!<\/p>\n<\/div><\/div><div class=\"w-separator size_medium\"><\/div><div class=\"g-cols wpb_row via_flex valign_top type_default stacking_default\"><div class=\"vc_col-sm-6 wpb_column vc_column_container\"><div class=\"vc_column-inner\"><div class=\"wpb_wrapper\"><div class=\"wpb_text_column\"><div class=\"wpb_wrapper\"><h2>Useful Information<\/h2>\n<\/div><\/div><div class=\"w-separator size_small\"><\/div><div class=\"wpb_text_column\"><div class=\"wpb_wrapper\"><div class=\"wpb_text_column\">\n<div class=\"wpb_wrapper\">\n<p><strong>Open from Tuesday to Sunday:<\/strong><\/p>\n<\/div>\n<\/div>\n<div class=\"wpb_text_column\">\n<div class=\"wpb_wrapper\">\n<p><strong>10:00 \u2013 19<\/strong><strong>:00 *<br \/>\n<\/strong>*Kitchen: 12:00 \u2013 18:30.<\/p>\n<p>Payment: cash, credit card<br \/>\nOTP, K&amp;H, MKB SZ\u00c9P card, ERZS\u00c9BET vouchers accepted<\/p>\n<p><b>How to get there:<\/b><\/p>\n<ul>\n<li>By car \u2013 free parking every day.<\/li>\n<li>With buses 21, 221, 212A to the Ordas \u00fati stop and a 5-minute walk from there, or with the cogwheel replacement bus number 60 requested on the BKK website<\/li>\n<\/ul>\n<\/div>\n<\/div>\n<\/div><\/div><\/div><\/div><\/div><div class=\"vc_col-sm-6 wpb_column vc_column_container\"><div class=\"vc_column-inner us_custom_ac7252c9\"><div class=\"wpb_wrapper\"><div class=\"w-html\"><link rel=\"stylesheet\" href=\"\/player\/circle.player-eng.css\">\n<script type=\"text\/javascript\" src=\"\/player\/lib\/jquery.min.js\"><\/script>\n<script type=\"text\/javascript\" src=\"\/player\/dist\/jplayer\/jquery.jplayer.min.js\"><\/script>\n<script type=\"text\/javascript\" src=\"\/player\/lib\/circle-player\/js\/jquery.transform2d.js\"><\/script>\n<script type=\"text\/javascript\" src=\"\/player\/lib\/circle-player\/js\/jquery.grab.js\"><\/script>\n<script type=\"text\/javascript\" src=\"\/player\/lib\/circle-player\/js\/mod.csstransforms.min.js\"><\/script>\n<script type=\"text\/javascript\" src=\"\/player\/lib\/circle-player\/js\/circle.player.js\"><\/script>\n\n<script type=\"text\/javascript\">\n\/\/<![CDATA[\n\n$(document).ready(function(){\n\n\tvar myCirclePlayer = new CirclePlayer(\"#jquery_jplayer_1\",\n\t{\n\t\tm4a: \"\/wp-content\/uploads\/2023\/09\/ambient_mixdown-2.mp3\",\n\t\toga: \"\/wp-content\/uploads\/2023\/09\/ambient_mixdown-2.ogg\"\n\t}, {\n\t\tcssSelectorAncestor: \"#cp_container_1\",\n\t\tswfPath: \"\/player\/dist\/jplayer\",\n\t\twmode: \"window\",\n\t\tkeyEnabled: true\n\t});\n});\n\/\/]]>\n<\/script>\n\n\t\t\t<div id=\"jquery_jplayer_1\" class=\"cp-jplayer\"><\/div>\n\t\t\t<div id=\"cp_container_1\" class=\"cp-container\">\n\t\t\t\t<div class=\"cp-buffer-holder\">\n\t\t\t\t\t<div class=\"cp-buffer-1\"><\/div>\n\t\t\t\t\t<div class=\"cp-buffer-2\"><\/div>\n\t\t\t\t<\/div>\n\t\t\t\t<div class=\"cp-progress-holder\">\n\t\t\t\t\t<div class=\"cp-progress-1\"><\/div>\n\t\t\t\t\t<div class=\"cp-progress-2\"><\/div>\n\t\t\t\t<\/div>\n\t\t\t\t<div class=\"cp-circle-control\"><\/div>\n\t\t\t\t<ul class=\"cp-controls\">\n\t\t\t\t\t<li><a class=\"cp-play\" tabindex=\"1\">play<\/a><\/li>\n\t\t\t\t\t<li><a class=\"cp-pause\" style=\"display:none;\" tabindex=\"1\">pause<\/a><\/li> <!-- Needs the inline style here, or jQuery.show() uses display:inline instead of display:block -->\n\t\t\t\t<\/ul>\n\t\t\t<\/div><\/div><\/div><\/div><\/div><\/div><div class=\"w-separator size_medium\"><\/div><\/div><\/div><\/div><div class=\"vc_col-sm-4 wpb_column vc_column_container has_bg_color\"><div class=\"vc_column-inner us_custom_b1d44d0d\"><div class=\"wpb_wrapper\"><div class=\"w-separator size_small\"><\/div><div class=\"w-image us_custom_4af741be align_none\"><a title=\"Gal\u00e9ria\" href=\"https:\/\/kobufe.hu\/en\/gallery\/\" aria-label=\"Link\" class=\"w-image-h\"><img loading=\"lazy\" decoding=\"async\" width=\"620\" height=\"500\" src=\"https:\/\/kobufe.hu\/wp-content\/uploads\/2023\/09\/fooldal_kepek2.jpg\" class=\"attachment-full size-full\" alt=\"\" srcset=\"https:\/\/kobufe.hu\/wp-content\/uploads\/2023\/09\/fooldal_kepek2.jpg 620w, https:\/\/kobufe.hu\/wp-content\/uploads\/2023\/09\/fooldal_kepek2-600x484.jpg 600w, https:\/\/kobufe.hu\/wp-content\/uploads\/2023\/09\/fooldal_kepek2-300x242.jpg 300w, https:\/\/kobufe.hu\/wp-content\/uploads\/2023\/09\/fooldal_kepek2-450x363.jpg 450w\" sizes=\"(max-width: 620px) 100vw, 620px\" \/><\/a><\/div><div class=\"w-separator size_medium\"><\/div><div class=\"w-separator size_small\"><\/div><div class=\"wpb_text_column us_custom_27645ff4\"><div class=\"wpb_wrapper\"><h3>Sights around<\/h3>\n<pre><a href=\"\/en\/sights\/\"><img loading=\"lazy\" decoding=\"async\" class=\"size-full wp-image-1267 alignleft\" src=\"https:\/\/kobufe.hu\/wp-content\/uploads\/2023\/09\/rightbox-img2.jpg\" alt=\"\" width=\"93\" height=\"125\" \/><\/a>Cogwheel Railway, Children's Railway, Normafa, Look-out Tower J\u00e1nos Hill, Chair lift, Challengeland \r\n\r\n<strong><a href=\"\/en\/sights\/\">Read more \u00bb<\/a><\/strong>\r\n<\/pre>\n<\/div><\/div><div class=\"w-separator size_medium\"><\/div><div class=\"wpb_text_column us_custom_27645ff4\"><div class=\"wpb_wrapper\"><h3>Job Offers<\/h3>\n<pre><img loading=\"lazy\" decoding=\"async\" class=\"wp-image-1276 size-full alignleft\" src=\"https:\/\/kobufe.hu\/wp-content\/uploads\/2023\/09\/allas.jpg\" alt=\"\" width=\"93\" height=\"125\" \/>Browse through our current job opportunities. \r\n\r\n<strong><a href=\"\/en\/job-offers\/\">Read more \u00bb<\/a><\/strong><\/pre>\n<\/div><\/div><\/div><\/div><\/div><\/div><\/div><\/section>\n","protected":false},"excerpt":{"rendered":"Welcome! Are you looking for a lunch and for some refreshing drinks after Your trip in the Sz\u00e9chenyi-hill? Or it was Your main plan to visit us? Regardless how and why You arrived in our restaurant, we are glad to welcome You with wholesome cooked food and rich variety of drinks. Where all the noise...","protected":false},"author":4,"featured_media":0,"parent":0,"menu_order":0,"comment_status":"closed","ping_status":"closed","template":"","meta":{"footnotes":""},"_links":{"self":[{"href":"https:\/\/kobufe.hu\/en\/wp-json\/wp\/v2\/pages\/202"}],"collection":[{"href":"https:\/\/kobufe.hu\/en\/wp-json\/wp\/v2\/pages"}],"about":[{"href":"https:\/\/kobufe.hu\/en\/wp-json\/wp\/v2\/types\/page"}],"author":[{"embeddable":true,"href":"https:\/\/kobufe.hu\/en\/wp-json\/wp\/v2\/users\/4"}],"replies":[{"embeddable":true,"href":"https:\/\/kobufe.hu\/en\/wp-json\/wp\/v2\/comments?post=202"}],"version-history":[{"count":166,"href":"https:\/\/kobufe.hu\/en\/wp-json\/wp\/v2\/pages\/202\/revisions"}],"predecessor-version":[{"id":1567,"href":"https:\/\/kobufe.hu\/en\/wp-json\/wp\/v2\/pages\/202\/revisions\/1567"}],"wp:attachment":[{"href":"https:\/\/kobufe.hu\/en\/wp-json\/wp\/v2\/media?parent=202"}],"curies":[{"name":"wp","href":"https:\/\/api.w.org\/{rel}","templated":true}]}}