{"id":1234,"date":"2023-09-07T17:23:27","date_gmt":"2023-09-07T15:23:27","guid":{"rendered":"https:\/\/kbf.artamax.eu\/?page_id=1234"},"modified":"2023-12-11T16:45:18","modified_gmt":"2023-12-11T14:45:18","slug":"foods","status":"publish","type":"page","link":"https:\/\/kobufe.hu\/en\/foods\/","title":{"rendered":"Foods"},"content":{"rendered":"<section class=\"l-section wpb_row height_small\"><div class=\"l-section-h i-cf\"><div class=\"g-cols vc_row via_flex valign_top type_default stacking_default\"><div class=\"vc_col-sm-12 wpb_column vc_column_container\"><div class=\"vc_column-inner\"><div class=\"wpb_wrapper\"><div class=\"wpb_text_column\"><div class=\"wpb_wrapper\"><h1>Food Offers<\/h1>\n<\/div><\/div><\/div><\/div><\/div><\/div><\/div><\/section><section class=\"l-section wpb_row height_small\"><div class=\"l-section-h i-cf\"><div class=\"g-cols vc_row via_flex valign_top type_default stacking_default\"><div class=\"vc_col-sm-8 wpb_column vc_column_container\"><div class=\"vc_column-inner\"><div class=\"wpb_wrapper\"><div class=\"wpb_text_column\"><div class=\"wpb_wrapper\">\n<table id=\"tablepress-3\" class=\"tablepress tablepress-id-3\">\n<tbody>\n<tr class=\"row-1 odd\">\n\t<td class=\"column-1\"><h2>Levesek<br \/>\r\nSoups<\/h2><\/td><td class=\"column-2\"><\/td>\n<\/tr>\n<tr class=\"row-2 even\">\n\t<td colspan=\"2\" class=\"column-1\"><img decoding=\"async\" src=\"\/wp-content\/uploads\/2023\/09\/17.jpg\" class=\"imageinmenu\"><\/td>\n<\/tr>\n<tr class=\"row-3 odd\">\n\t<td class=\"column-1\">Csontleves c\u00e9rnamet\u00e9lttel           <\/td><td class=\"column-2\">2.150 Ft<\/td>\n<\/tr>\n<tr class=\"row-4 even\">\n\t<td class=\"column-1\">Falusi m\u00e1jgomb\u00f3c leves<\/td><td class=\"column-2\">2.325 Ft<\/td>\n<\/tr>\n<tr class=\"row-5 odd\">\n\t<td class=\"column-1\">Guly\u00e1sleves<\/td><td class=\"column-2\">3.100 Ft<\/td>\n<\/tr>\n<tr class=\"row-6 even\">\n\t<td class=\"column-1\">Bableves f\u00fcst\u00f6lt cs\u00fcl\u00f6kkel<\/td><td class=\"column-2\">3.100 Ft<\/td>\n<\/tr>\n<tr class=\"row-7 odd\">\n\t<td class=\"column-1\">H\u00fasleves gazdagon<\/td><td class=\"column-2\">3.100 Ft<\/td>\n<\/tr>\n<tr class=\"row-8 even\">\n\t<td class=\"column-1\"><h2>S\u00fcltek<br \/>\r\nRoasts<\/h2><\/td><td class=\"column-2\"><\/td>\n<\/tr>\n<tr class=\"row-9 odd\">\n\t<td colspan=\"2\" class=\"column-1\"><img decoding=\"async\" src=\"\/wp-content\/uploads\/2023\/09\/20.jpg\" class=\"imageinmenu\"><\/td>\n<\/tr>\n<tr class=\"row-10 even\">\n\t<td class=\"column-1\"><br \/>\r\n            Roston s\u00fclt csirkemell rizzsel, kukoric\u00e1val<br \/>\r\n            <\/td><td class=\"column-2\"><br \/>\n            4.750 Ft<br \/>\n            <\/td>\n<\/tr>\n<tr class=\"row-11 odd\">\n\t<td class=\"column-1\"><br \/>\r\n            Fitt t\u00e1l - f\u0171szervajas grillezett csirkemell, vegyes s\u00fclt z\u00f6lds\u00e9gk\u00f6rettel<br \/>\r\n            <\/td><td class=\"column-2\"><br \/>\n            4.550 Ft<br \/>\n            <\/td>\n<\/tr>\n<tr class=\"row-12 even\">\n\t<td class=\"column-1\"><br \/>\n            S\u00fclt kacsacomb vagy libacomb hagym\u00e1s t\u00f6rt burgony\u00e1val, p\u00e1rolt lilak\u00e1poszt\u00e1val<br \/>\n            <\/td><td class=\"column-2\"><br \/>\n            5.750 Ft<br \/>\n            <\/td>\n<\/tr>\n<tr class=\"row-13 odd\">\n\t<td class=\"column-1\"><br \/>\n            S\u00fclt kacsacomb vagy libacomb juht\u00far\u00f3s sztrapacsk\u00e1val<br \/>\n            <\/td><td class=\"column-2\"><br \/>\n            5.750 Ft<br \/>\n            <\/td>\n<\/tr>\n<tr class=\"row-14 even\">\n\t<td class=\"column-1\"><br \/>\r\n            Kemenc\u00e9s sert\u00e9s cs\u00fcl\u00f6k hagym\u00e1s t\u00f6rt burgony\u00e1val<br \/>\r\n            <\/td><td class=\"column-2\"><br \/>\n            5.750 Ft<br \/>\n            <\/td>\n<\/tr>\n<tr class=\"row-15 odd\">\n\t<td class=\"column-1\"><h2>T\u00e9szt\u00e1k, P\u00f6rk\u00f6ltek, Egyt\u00e1l\u00e9telek<br \/>\r\n    Pasta, Stews, Dishes<\/h2><\/td><td class=\"column-2\"><\/td>\n<\/tr>\n<tr class=\"row-16 even\">\n\t<td colspan=\"2\" class=\"column-1\"><img decoding=\"async\" src=\"\/wp-content\/uploads\/2023\/09\/26.jpg\" class=\"imageinmenu\"><\/td>\n<\/tr>\n<tr class=\"row-17 odd\">\n\t<td class=\"column-1\"><br \/>\r\n            T\u00far\u00f3s csusza tepert\u0151vel<br \/>\r\n            <\/td><td class=\"column-2\"><br \/>\n            3.590 Ft<br \/>\n            <\/td>\n<\/tr>\n<tr class=\"row-18 even\">\n\t<td class=\"column-1\"><br \/>\r\n            Juht\u00far\u00f3s sztrapacska<br \/>\r\n            <\/td><td class=\"column-2\"><br \/>\n            4.050 Ft<br \/>\n            <\/td>\n<\/tr>\n<tr class=\"row-19 odd\">\n\t<td class=\"column-1\"><br \/>\r\n            Paprik\u00e1s csirke galusk\u00e1val<br \/>\r\n            <\/td><td class=\"column-2\"><br \/>\n            4.525 Ft<br \/>\n            <\/td>\n<\/tr>\n<tr class=\"row-20 even\">\n\t<td class=\"column-1\"><br \/>\nBolognai spagetti<br \/>\n            <\/td><td class=\"column-2\"><br \/>\n            3.985 Ft<br \/>\n            <\/td>\n<\/tr>\n<tr class=\"row-21 odd\">\n\t<td class=\"column-1\"><br \/>\r\n            Brass\u00f3i apr\u00f3pecsenye has\u00e1bburgony\u00e1val<br \/>\r\n            <\/td><td class=\"column-2\"><br \/>\n            4.525 Ft<br \/>\n            <\/td>\n<\/tr>\n<tr class=\"row-22 even\">\n\t<td class=\"column-1\"><br \/>\r\n            Marhap\u00f6rk\u00f6lt galusk\u00e1val<br \/>\r\n            <\/td><td class=\"column-2\"><br \/>\n            5.230 Ft<br \/>\n            <\/td>\n<\/tr>\n<tr class=\"row-23 odd\">\n\t<td class=\"column-1\"><br \/>\r\n            Harcsapaprik\u00e1s kapros t\u00far\u00f3s csusz\u00e1val<br \/>\r\n            <\/td><td class=\"column-2\"><br \/>\n            5.265 Ft<br \/>\n            <\/td>\n<\/tr>\n<tr class=\"row-24 even\">\n\t<td class=\"column-1\"><br \/>\r\n            Vadasmarha zsemlegomb\u00f3ccal<br \/>\r\n            <\/td><td class=\"column-2\"><br \/>\n            5.230 Ft<br \/>\n            <\/td>\n<\/tr>\n<tr class=\"row-25 odd\">\n\t<td class=\"column-1\"><h2>Frissens\u00fcltek ropog\u00f3s bund\u00e1ban <br \/>\r\nFresh roasts in a crispy crust<\/h2><\/td><td class=\"column-2\"><\/td>\n<\/tr>\n<tr class=\"row-26 even\">\n\t<td colspan=\"2\" class=\"column-1\"><img decoding=\"async\" src=\"\/wp-content\/uploads\/2023\/09\/29.jpg\" class=\"imageinmenu\"><\/td>\n<\/tr>\n<tr class=\"row-27 odd\">\n\t<td class=\"column-1\"><br \/>\r\n            R\u00e1ntott gomba j\u00e1zmin rizzsel, tart\u00e1rm\u00e1rt\u00e1ssal<br \/>\r\n            <\/td><td class=\"column-2\"><br \/>\n            3.590 Ft<br \/>\n            <\/td>\n<\/tr>\n<tr class=\"row-28 even\">\n\t<td class=\"column-1\"><br \/>\r\n            R\u00e1ntott sajt j\u00e1zmin rizzsel, tart\u00e1sm\u00e1rt\u00e1ssal<br \/>\r\n            <\/td><td class=\"column-2\"><br \/>\n            4.130 Ft<br \/>\n            <\/td>\n<\/tr>\n<tr class=\"row-29 odd\">\n\t<td class=\"column-1\"><br \/>\r\n            Harcsafil\u00e9 r\u00e1ntva petrezselymes burgony\u00e1val<br \/>\r\n            <\/td><td class=\"column-2\"><br \/>\n            5.230 Ft<br \/>\n            <\/td>\n<\/tr>\n<tr class=\"row-30 even\">\n\t<td class=\"column-1\"><br \/>\r\n            Bolognai sert\u00e9sborda<br \/>\r\n            <\/td><td class=\"column-2\">5.150 Ft<\/td>\n<\/tr>\n<tr class=\"row-31 odd\">\n\t<td class=\"column-1\"><br \/>\r\n            J\u00e9rcemell r\u00e1ntva j\u00e1zmin rizzsel<br \/>\r\n            <\/td><td class=\"column-2\"><br \/>\n            4.595 Ft<br \/>\n            <\/td>\n<\/tr>\n<tr class=\"row-32 even\">\n\t<td class=\"column-1\"><br \/>\r\n            Borj\u00fal\u00e1b r\u00e1ntva rizzsel, tart\u00e1rm\u00e1rt\u00e1ssal<br \/>\r\n            <\/td><td class=\"column-2\"><br \/>\n            5.500 Ft<br \/>\n            <\/td>\n<\/tr>\n<tr class=\"row-33 odd\">\n\t<td class=\"column-1\"><br \/>\n            Pecsenye sz\u00e1rnyasm\u00e1j r\u00e1ntva j\u00e1zmin rizzsel<br \/>\n            <\/td><td class=\"column-2\"><br \/>\n            4.595 Ft<br \/>\n            <\/td>\n<\/tr>\n<tr class=\"row-34 even\">\n\t<td class=\"column-1\"><br \/>\r\n            R\u00e1ntott karajfil\u00e9 has\u00e1bburgony\u00e1val<br \/>\r\n            <\/td><td class=\"column-2\"><br \/>\n            4.595 Ft<br \/>\n            <\/td>\n<\/tr>\n<tr class=\"row-35 odd\">\n\t<td class=\"column-1\"><h2>Desszertek <br \/>\r\n    Desserts<\/h2><\/td><td class=\"column-2\"><\/td>\n<\/tr>\n<tr class=\"row-36 even\">\n\t<td colspan=\"2\" class=\"column-1\"><img decoding=\"async\" src=\"\/wp-content\/uploads\/2023\/09\/40.jpg\" class=\"imageinmenu\"><\/td>\n<\/tr>\n<tr class=\"row-37 odd\">\n\t<td class=\"column-1\">Palacsinta (lekv\u00e1ros, kaka\u00f3s, fah\u00e9jas) \/ db           <\/td><td class=\"column-2\"> 650 Ft<\/td>\n<\/tr>\n<tr class=\"row-38 even\">\n\t<td class=\"column-1\">Palacsinta (nutell\u00e1s) \/ db<\/td><td class=\"column-2\"> 880 Ft<\/td>\n<\/tr>\n<tr class=\"row-39 odd\">\n\t<td class=\"column-1\">Gesztenyep\u00fcr\u00e9 tejsz\u00ednhabbal<\/td><td class=\"column-2\">1.980 Ft<\/td>\n<\/tr>\n<tr class=\"row-40 even\">\n\t<td class=\"column-1\"><\/td><td class=\"column-2\"><\/td>\n<\/tr>\n<tr class=\"row-41 odd\">\n\t<td class=\"column-1\">T\u00far\u00f3gomb\u00f3c<\/td><td class=\"column-2\">2.350 Ft<\/td>\n<\/tr>\n<\/tbody>\n<\/table>\n<!-- #tablepress-3 from cache -->\n<\/div><\/div><div class=\"w-separator size_large\"><\/div><\/div><\/div><\/div><div class=\"vc_col-sm-4 wpb_column vc_column_container\"><div class=\"vc_column-inner\"><div class=\"wpb_wrapper\"><div class=\"w-image us_custom_a2efae71 align_none\"><div class=\"w-image-h\"><img loading=\"lazy\" decoding=\"async\" width=\"1600\" height=\"1048\" src=\"https:\/\/kobufe.hu\/wp-content\/uploads\/2023\/09\/19.jpg\" class=\"attachment-full size-full\" alt=\"\" srcset=\"https:\/\/kobufe.hu\/wp-content\/uploads\/2023\/09\/19.jpg 1600w, https:\/\/kobufe.hu\/wp-content\/uploads\/2023\/09\/19-600x393.jpg 600w, https:\/\/kobufe.hu\/wp-content\/uploads\/2023\/09\/19-1024x671.jpg 1024w, https:\/\/kobufe.hu\/wp-content\/uploads\/2023\/09\/19-300x197.jpg 300w, https:\/\/kobufe.hu\/wp-content\/uploads\/2023\/09\/19-450x295.jpg 450w\" sizes=\"(max-width: 1600px) 100vw, 1600px\" \/><\/div><\/div><div class=\"w-separator size_large\"><\/div><div class=\"w-image us_custom_a2efae71 align_none\"><div class=\"w-image-h\"><img loading=\"lazy\" decoding=\"async\" width=\"1600\" height=\"1048\" src=\"https:\/\/kobufe.hu\/wp-content\/uploads\/2023\/09\/22.jpg\" class=\"attachment-full size-full\" alt=\"\" srcset=\"https:\/\/kobufe.hu\/wp-content\/uploads\/2023\/09\/22.jpg 1600w, https:\/\/kobufe.hu\/wp-content\/uploads\/2023\/09\/22-600x393.jpg 600w, https:\/\/kobufe.hu\/wp-content\/uploads\/2023\/09\/22-1024x671.jpg 1024w, https:\/\/kobufe.hu\/wp-content\/uploads\/2023\/09\/22-300x197.jpg 300w, https:\/\/kobufe.hu\/wp-content\/uploads\/2023\/09\/22-450x295.jpg 450w\" sizes=\"(max-width: 1600px) 100vw, 1600px\" \/><\/div><\/div><div class=\"w-separator size_large\"><\/div><div class=\"w-image us_custom_a2efae71 align_none\"><div class=\"w-image-h\"><img loading=\"lazy\" decoding=\"async\" width=\"1600\" height=\"1050\" src=\"https:\/\/kobufe.hu\/wp-content\/uploads\/2023\/09\/35.jpg\" class=\"attachment-full size-full\" alt=\"\" srcset=\"https:\/\/kobufe.hu\/wp-content\/uploads\/2023\/09\/35.jpg 1600w, https:\/\/kobufe.hu\/wp-content\/uploads\/2023\/09\/35-600x394.jpg 600w, https:\/\/kobufe.hu\/wp-content\/uploads\/2023\/09\/35-1024x672.jpg 1024w, https:\/\/kobufe.hu\/wp-content\/uploads\/2023\/09\/35-300x197.jpg 300w, https:\/\/kobufe.hu\/wp-content\/uploads\/2023\/09\/35-450x295.jpg 450w\" sizes=\"(max-width: 1600px) 100vw, 1600px\" \/><\/div><\/div><div class=\"w-separator size_large\"><\/div><div class=\"w-image us_custom_a2efae71 align_none\"><div class=\"w-image-h\"><img loading=\"lazy\" decoding=\"async\" width=\"1600\" height=\"1050\" src=\"https:\/\/kobufe.hu\/wp-content\/uploads\/2023\/09\/38.jpg\" class=\"attachment-full size-full\" alt=\"\" srcset=\"https:\/\/kobufe.hu\/wp-content\/uploads\/2023\/09\/38.jpg 1600w, https:\/\/kobufe.hu\/wp-content\/uploads\/2023\/09\/38-600x394.jpg 600w, https:\/\/kobufe.hu\/wp-content\/uploads\/2023\/09\/38-1024x672.jpg 1024w, https:\/\/kobufe.hu\/wp-content\/uploads\/2023\/09\/38-300x197.jpg 300w, https:\/\/kobufe.hu\/wp-content\/uploads\/2023\/09\/38-450x295.jpg 450w\" sizes=\"(max-width: 1600px) 100vw, 1600px\" \/><\/div><\/div><div class=\"w-separator size_large\"><\/div><\/div><\/div><\/div><\/div><\/div><\/section>\n","protected":false},"excerpt":{"rendered":"Food Offers Levesek Soups Csontleves c\u00e9rnamet\u00e9lttel 2.150 Ft Falusi m\u00e1jgomb\u00f3c leves2.325 Ft Guly\u00e1sleves3.100 Ft Bableves f\u00fcst\u00f6lt cs\u00fcl\u00f6kkel3.100 Ft H\u00fasleves gazdagon3.100 Ft S\u00fcltek Roasts Roston s\u00fclt csirkemell rizzsel, kukoric\u00e1val 4.750 Ft Fitt t\u00e1l - f\u0171szervajas grillezett csirkemell, vegyes s\u00fclt z\u00f6lds\u00e9gk\u00f6rettel 4.550 Ft S\u00fclt kacsacomb vagy libacomb hagym\u00e1s t\u00f6rt burgony\u00e1val, p\u00e1rolt lilak\u00e1poszt\u00e1val 5.750 Ft S\u00fclt kacsacomb vagy...","protected":false},"author":4,"featured_media":0,"parent":0,"menu_order":0,"comment_status":"closed","ping_status":"closed","template":"","meta":{"footnotes":""},"_links":{"self":[{"href":"https:\/\/kobufe.hu\/en\/wp-json\/wp\/v2\/pages\/1234"}],"collection":[{"href":"https:\/\/kobufe.hu\/en\/wp-json\/wp\/v2\/pages"}],"about":[{"href":"https:\/\/kobufe.hu\/en\/wp-json\/wp\/v2\/types\/page"}],"author":[{"embeddable":true,"href":"https:\/\/kobufe.hu\/en\/wp-json\/wp\/v2\/users\/4"}],"replies":[{"embeddable":true,"href":"https:\/\/kobufe.hu\/en\/wp-json\/wp\/v2\/comments?post=1234"}],"version-history":[{"count":4,"href":"https:\/\/kobufe.hu\/en\/wp-json\/wp\/v2\/pages\/1234\/revisions"}],"predecessor-version":[{"id":1559,"href":"https:\/\/kobufe.hu\/en\/wp-json\/wp\/v2\/pages\/1234\/revisions\/1559"}],"wp:attachment":[{"href":"https:\/\/kobufe.hu\/en\/wp-json\/wp\/v2\/media?parent=1234"}],"curies":[{"name":"wp","href":"https:\/\/api.w.org\/{rel}","templated":true}]}}