{"id":1218,"date":"2023-09-07T16:50:40","date_gmt":"2023-09-07T14:50:40","guid":{"rendered":"https:\/\/kbf.artamax.eu\/?page_id=1218"},"modified":"2023-12-11T16:16:42","modified_gmt":"2023-12-11T14:16:42","slug":"drinks","status":"publish","type":"page","link":"https:\/\/kobufe.hu\/en\/drinks\/","title":{"rendered":"Drinks"},"content":{"rendered":"<section class=\"l-section wpb_row height_small\"><div class=\"l-section-h i-cf\"><div class=\"g-cols vc_row via_flex valign_top type_default stacking_default\"><div class=\"vc_col-sm-12 wpb_column vc_column_container\"><div class=\"vc_column-inner\"><div class=\"wpb_wrapper\"><div class=\"wpb_text_column\"><div class=\"wpb_wrapper\"><h1>Drinks<\/h1>\n<\/div><\/div><\/div><\/div><\/div><\/div><\/div><\/section><section class=\"l-section wpb_row height_small\"><div class=\"l-section-h i-cf\"><div class=\"g-cols vc_row via_flex valign_top type_default stacking_default\"><div class=\"vc_col-sm-8 wpb_column vc_column_container\"><div class=\"vc_column-inner\"><div class=\"wpb_wrapper\"><div class=\"w-image us_custom_a2efae71 align_none\"><div class=\"w-image-h\"><img loading=\"lazy\" decoding=\"async\" width=\"1600\" height=\"1048\" src=\"https:\/\/kobufe.hu\/wp-content\/uploads\/2023\/09\/15.jpg\" class=\"attachment-full size-full\" alt=\"\" srcset=\"https:\/\/kobufe.hu\/wp-content\/uploads\/2023\/09\/15.jpg 1600w, https:\/\/kobufe.hu\/wp-content\/uploads\/2023\/09\/15-600x393.jpg 600w, https:\/\/kobufe.hu\/wp-content\/uploads\/2023\/09\/15-1024x671.jpg 1024w, https:\/\/kobufe.hu\/wp-content\/uploads\/2023\/09\/15-300x197.jpg 300w, https:\/\/kobufe.hu\/wp-content\/uploads\/2023\/09\/15-450x295.jpg 450w\" sizes=\"(max-width: 1600px) 100vw, 1600px\" \/><\/div><\/div><div class=\"w-separator size_large\"><\/div><div class=\"wpb_text_column\"><div class=\"wpb_wrapper\">\n<table id=\"tablepress-1\" class=\"tablepress tablepress-id-1\">\n<tbody class=\"row-hover\">\n<tr class=\"row-1 odd\">\n\t<td class=\"column-1\"><h2>Kim\u00e9rt borok, pezsg\u0151k, vermutok<br \/>\nWines, sparkling wines, vermouth<\/h2><\/td><td class=\"column-2\"><\/td>\n<\/tr>\n<tr class=\"row-2 even\">\n\t<td class=\"column-1\">Fiesta K\u00e9kfrankos 1dl<\/td><td class=\"column-2\">230,-<\/td>\n<\/tr>\n<tr class=\"row-3 odd\">\n\t<td class=\"column-1\">Fiesta Rajnai Rizling 1dl<\/td><td class=\"column-2\">230,-<\/td>\n<\/tr>\n<tr class=\"row-4 even\">\n\t<td class=\"column-1\">Fiesta Ros\u00e9 1dl<\/td><td class=\"column-2\">230,-<\/td>\n<\/tr>\n<tr class=\"row-5 odd\">\n\t<td class=\"column-1\">Gere Vill\u00e1nyi Portugieser 1 dl<\/td><td class=\"column-2\">750,-<\/td>\n<\/tr>\n<tr class=\"row-6 even\">\n\t<td class=\"column-1\">K\u00e9kfrankos Zweigelt 1 dl<\/td><td class=\"column-2\">230,-<\/td>\n<\/tr>\n<tr class=\"row-7 odd\">\n\t<td class=\"column-1\">Nyakas Budai Irsai Oliv\u00e9r 1 dl<\/td><td class=\"column-2\">660,-<\/td>\n<\/tr>\n<tr class=\"row-8 even\">\n\t<td class=\"column-1\">Aperol Spritz\u00a0<\/td><td class=\"column-2\">2370,-<\/td>\n<\/tr>\n<tr class=\"row-9 odd\">\n\t<td class=\"column-1\">Sz\u00f3dav\u00edz 1 dl<\/td><td class=\"column-2\">100,-<\/td>\n<\/tr>\n<tr class=\"row-10 even\">\n\t<td class=\"column-1\">Nyakas Budai Chardonnay 1 dl<\/td><td class=\"column-2\">660,-<\/td>\n<\/tr>\n<tr class=\"row-11 odd\">\n\t<td class=\"column-1\"><h2>Borok, pezsg\u0151k, vermut<br \/>\nWines, sparkling wines, vermouth<\/h2><\/td><td class=\"column-2\"><\/td>\n<\/tr>\n<tr class=\"row-12 even\">\n\t<td class=\"column-1\">Prosecco\u00a0 0,75 l<\/td><td class=\"column-2\">6500,-<\/td>\n<\/tr>\n<tr class=\"row-13 odd\">\n\t<td class=\"column-1\">Nyakas Aligv\u00e1rom 0,75 l<\/td><td class=\"column-2\">4600,-<\/td>\n<\/tr>\n<tr class=\"row-14 even\">\n\t<td class=\"column-1\">Takler Ros\u00e9 0,75 l<\/td><td class=\"column-2\">4900,-<\/td>\n<\/tr>\n<tr class=\"row-15 odd\">\n\t<td class=\"column-1\">Gere Tam\u00e1s Vill\u00e1nyi Portugieser 0,75 l<\/td><td class=\"column-2\">5100,-<\/td>\n<\/tr>\n<tr class=\"row-16 even\">\n\t<td class=\"column-1\">Nyakas Budai Chardonnay 0,75 l<\/td><td class=\"column-2\">4600,-<\/td>\n<\/tr>\n<tr class=\"row-17 odd\">\n\t<td class=\"column-1\">Nyakas Budai Irsai Oliv\u00e9r 0,75 l<\/td><td class=\"column-2\">4600,-<\/td>\n<\/tr>\n<tr class=\"row-18 even\">\n\t<td class=\"column-1\">La Fiesta Ros\u00e9 0,75 l<\/td><td class=\"column-2\">1560,-<\/td>\n<\/tr>\n<tr class=\"row-19 odd\">\n\t<td class=\"column-1\">La Fiesta Rajnai Rizling 0,75 l<\/td><td class=\"column-2\">1560,-<\/td>\n<\/tr>\n<tr class=\"row-20 even\">\n\t<td class=\"column-1\">La Fiesta K\u00e9kfrankos 0,75 l<\/td><td class=\"column-2\">1560,-<\/td>\n<\/tr>\n<tr class=\"row-21 odd\">\n\t<td class=\"column-1\">La Fiesta Muskot\u00e1ly 0,75 l<\/td><td class=\"column-2\">1560,-<\/td>\n<\/tr>\n<tr class=\"row-22 even\">\n\t<td class=\"column-1\">La Fiesta Zweigelt 0,75 l<\/td><td class=\"column-2\">1560,-<\/td>\n<\/tr>\n<tr class=\"row-23 odd\">\n\t<td class=\"column-1\">T\u00f6rley Excellence Chardonnay 0,75 l<\/td><td class=\"column-2\">5100,-<\/td>\n<\/tr>\n<tr class=\"row-24 even\">\n\t<td class=\"column-1\">T\u00f6rley Charmant Doux \u00e9des pezsg\u0151 0,75 l<\/td><td class=\"column-2\">3300,-<\/td>\n<\/tr>\n<tr class=\"row-25 odd\">\n\t<td class=\"column-1\">Hungaria Extra Dry pezsg\u0151 0,75 l<\/td><td class=\"column-2\">5600,-<\/td>\n<\/tr>\n<tr class=\"row-26 even\">\n\t<td class=\"column-1\">T\u00f6rley G\u00e1la Sec 0,75l<\/td><td class=\"column-2\">4250,-<\/td>\n<\/tr>\n<tr class=\"row-27 odd\">\n\t<td class=\"column-1\"><h2>Csapolt \u00e9s \u00fcveges s\u00f6r\u00f6k<br \/>\nCraft and bottled beers<\/h2><\/td><td class=\"column-2\"><\/td>\n<\/tr>\n<tr class=\"row-28 even\">\n\t<td class=\"column-1\">Csapolt Pilsner Urquell 0,2 l<\/td><td class=\"column-2\">590,-<\/td>\n<\/tr>\n<tr class=\"row-29 odd\">\n\t<td class=\"column-1\">Csapolt Pilsner Urquell 0,3 l<\/td><td class=\"column-2\">820,-<\/td>\n<\/tr>\n<tr class=\"row-30 even\">\n\t<td class=\"column-1\">Csapolt Pilsner Urquell 0,5 l<\/td><td class=\"column-2\">1290,-<\/td>\n<\/tr>\n<tr class=\"row-31 odd\">\n\t<td class=\"column-1\">Csapolt Arany \u00c1szok 0,2 l<\/td><td class=\"column-2\">470,-<\/td>\n<\/tr>\n<tr class=\"row-32 even\">\n\t<td class=\"column-1\">Csapolt Arany \u00c1szok 0,3 l<\/td><td class=\"column-2\">660,-<\/td>\n<\/tr>\n<tr class=\"row-33 odd\">\n\t<td class=\"column-1\">Csapolt Arany \u00c1szok 0,5 l<\/td><td class=\"column-2\">1020,-<\/td>\n<\/tr>\n<tr class=\"row-34 even\">\n\t<td class=\"column-1\">Dobozos Arany \u00c1szok 0,5 l<\/td><td class=\"column-2\">790,-<\/td>\n<\/tr>\n<tr class=\"row-35 odd\">\n\t<td class=\"column-1\">\u00dcveges Arany \u00c1szok 0,5 l<\/td><td class=\"column-2\">790,-<\/td>\n<\/tr>\n<tr class=\"row-36 even\">\n\t<td class=\"column-1\">\u00dcveges Dreher Gold 0,5 l<\/td><td class=\"column-2\">950,-<\/td>\n<\/tr>\n<tr class=\"row-37 odd\">\n\t<td class=\"column-1\">\u00dcveges Dreher Bak 0,5 l<\/td><td class=\"column-2\">950,-<\/td>\n<\/tr>\n<tr class=\"row-38 even\">\n\t<td class=\"column-1\">\u00dcveges Dreher meggy 0,5 l\u00a0<\/td><td class=\"column-2\">950,-<\/td>\n<\/tr>\n<tr class=\"row-39 odd\">\n\t<td class=\"column-1\">\u00dcveges HB Premium 0,5l\u00a0<\/td><td class=\"column-2\">790,-<\/td>\n<\/tr>\n<tr class=\"row-40 even\">\n\t<td class=\"column-1\">\u00dcveges Heineken 0,5 l<\/td><td class=\"column-2\">950,-<\/td>\n<\/tr>\n<tr class=\"row-41 odd\">\n\t<td class=\"column-1\">\u00dcveges Dreher 24 AM 0,33l<\/td><td class=\"column-2\">660,-<\/td>\n<\/tr>\n<tr class=\"row-42 even\">\n\t<td class=\"column-1\">\u00dcveges HB WEissbier 0,33 l<\/td><td class=\"column-2\">1140,-<\/td>\n<\/tr>\n<tr class=\"row-43 odd\">\n\t<td class=\"column-1\">\u00dcveges Pilsner Urquell 0,33l\u00a0<\/td><td class=\"column-2\">820,-<\/td>\n<\/tr>\n<tr class=\"row-44 even\">\n\t<td class=\"column-1\"><h2>P\u00e1link\u00e1k<br \/>\nPalinka<\/h2><\/td><td class=\"column-2\"><\/td>\n<\/tr>\n<tr class=\"row-45 odd\">\n\t<td class=\"column-1\">Bolyhos \u00e1gyas sz\u0151l\u0151, vegyes p\u00e1linka 3 cl<\/td><td class=\"column-2\">940,-<\/td>\n<\/tr>\n<tr class=\"row-46 even\">\n\t<td class=\"column-1\">Bolyhos \u00e1gyas sz\u0151l\u0151, vegyes 5 cl<\/td><td class=\"column-2\">1550,-<\/td>\n<\/tr>\n<tr class=\"row-47 odd\">\n\t<td class=\"column-1\">R\u00e9zangyal pr\u00e9mium ( kajszi, meggy, szilva, irsai) 3 cl<\/td><td class=\"column-2\">1410,-<\/td>\n<\/tr>\n<tr class=\"row-48 even\">\n\t<td class=\"column-1\">R\u00e9zangyal pr\u00e9mium (kajszi, meggy, szilva, irsai) 5 cl<\/td><td class=\"column-2\">2320,-<\/td>\n<\/tr>\n<tr class=\"row-49 odd\">\n\t<td class=\"column-1\"><h2>R\u00f6vid italok<br \/>\nSpirits<\/h2><\/td><td class=\"column-2\"><\/td>\n<\/tr>\n<tr class=\"row-50 even\">\n\t<td class=\"column-1\">Metaxa 5***** cognac 3 cl<\/td><td class=\"column-2\">710,-<\/td>\n<\/tr>\n<tr class=\"row-51 odd\">\n\t<td class=\"column-1\">Metaxa 5***** cognac 5cl<\/td><td class=\"column-2\">1170,-<\/td>\n<\/tr>\n<tr class=\"row-52 even\">\n\t<td class=\"column-1\">Bailey's \u00a03 cl<\/td><td class=\"column-2\">690,-<\/td>\n<\/tr>\n<tr class=\"row-53 odd\">\n\t<td class=\"column-1\">Bailey's \u00a05 cl<\/td><td class=\"column-2\">1120,-<\/td>\n<\/tr>\n<tr class=\"row-54 even\">\n\t<td class=\"column-1\">Beefeater Gin 3 cl<\/td><td class=\"column-2\">810,-<\/td>\n<\/tr>\n<tr class=\"row-55 odd\">\n\t<td class=\"column-1\">Beefeater Gin 5 cl<\/td><td class=\"column-2\">1320,-<\/td>\n<\/tr>\n<tr class=\"row-56 even\">\n\t<td class=\"column-1\">M\u00e1ty\u00e1s keser\u0171 3 cl<\/td><td class=\"column-2\">490,-<\/td>\n<\/tr>\n<tr class=\"row-57 odd\">\n\t<td class=\"column-1\">M\u00e1ty\u00e1s keser\u0171 5 cl<\/td><td class=\"column-2\">780,-<\/td>\n<\/tr>\n<tr class=\"row-58 even\">\n\t<td class=\"column-1\">Finlandia Vodka 3 cl<\/td><td class=\"column-2\">660,-<\/td>\n<\/tr>\n<tr class=\"row-59 odd\">\n\t<td class=\"column-1\">Finlandia Vodka 5 cl<\/td><td class=\"column-2\">1070,-<\/td>\n<\/tr>\n<tr class=\"row-60 even\">\n\t<td class=\"column-1\">Jack Daniel's whisky 3 cl<\/td><td class=\"column-2\">900,-<\/td>\n<\/tr>\n<tr class=\"row-61 odd\">\n\t<td class=\"column-1\">Jack Daniel's whisky 5 cl<\/td><td class=\"column-2\">1390,-<\/td>\n<\/tr>\n<tr class=\"row-62 even\">\n\t<td class=\"column-1\">Gordon's Gin 3 cl<\/td><td class=\"column-2\">810,-<\/td>\n<\/tr>\n<tr class=\"row-63 odd\">\n\t<td class=\"column-1\">Gordon's Gin 5 cl<\/td><td class=\"column-2\">1320,-<\/td>\n<\/tr>\n<tr class=\"row-64 even\">\n\t<td class=\"column-1\">Hubertus 3 cl<\/td><td class=\"column-2\">550,-<\/td>\n<\/tr>\n<tr class=\"row-65 odd\">\n\t<td class=\"column-1\">Hubertus 5 cl<\/td><td class=\"column-2\">890,-<\/td>\n<\/tr>\n<tr class=\"row-66 even\">\n\t<td class=\"column-1\">Jagermeister 3 cl<\/td><td class=\"column-2\">690,-<\/td>\n<\/tr>\n<tr class=\"row-67 odd\">\n\t<td class=\"column-1\">Jagermeister 5 cl<\/td><td class=\"column-2\">1140,-<\/td>\n<\/tr>\n<tr class=\"row-68 even\">\n\t<td class=\"column-1\">Portorico rum 3 cl<\/td><td class=\"column-2\">830,-<\/td>\n<\/tr>\n<tr class=\"row-69 odd\">\n\t<td class=\"column-1\">Portorico rum 5 cl<\/td><td class=\"column-2\">1360,-<\/td>\n<\/tr>\n<tr class=\"row-70 even\">\n\t<td class=\"column-1\">Royal vodka 3 cl<\/td><td class=\"column-2\">540,-<\/td>\n<\/tr>\n<tr class=\"row-71 odd\">\n\t<td class=\"column-1\">Royal vodka 5 cl<\/td><td class=\"column-2\">890,-<\/td>\n<\/tr>\n<tr class=\"row-72 even\">\n\t<td class=\"column-1\">Casino rum 3 cl<\/td><td class=\"column-2\">670,-<\/td>\n<\/tr>\n<tr class=\"row-73 odd\">\n\t<td class=\"column-1\">Casino rum 5 cl<\/td><td class=\"column-2\">1100,-<\/td>\n<\/tr>\n<tr class=\"row-74 even\">\n\t<td class=\"column-1\">Unicum 3 cl<\/td><td class=\"column-2\">690,-<\/td>\n<\/tr>\n<tr class=\"row-75 odd\">\n\t<td class=\"column-1\">Unicum 5 cl<\/td><td class=\"column-2\">1135,-<\/td>\n<\/tr>\n<tr class=\"row-76 even\">\n\t<td class=\"column-1\">Unicum szilv\u00e1s 3 cl<\/td><td class=\"column-2\">730,-<\/td>\n<\/tr>\n<tr class=\"row-77 odd\">\n\t<td class=\"column-1\">Unicum szilv\u00e1s 5 cl<\/td><td class=\"column-2\">1200,-<\/td>\n<\/tr>\n<tr class=\"row-78 even\">\n\t<td class=\"column-1\"><h2>Whisky<\/h2><\/td><td class=\"column-2\"><\/td>\n<\/tr>\n<tr class=\"row-79 odd\">\n\t<td class=\"column-1\">Ballantine's Whisky 3 cl<\/td><td class=\"column-2\">790,-<\/td>\n<\/tr>\n<tr class=\"row-80 even\">\n\t<td class=\"column-1\">Ballantine's Whisky 5 cl<\/td><td class=\"column-2\">1280,-<\/td>\n<\/tr>\n<tr class=\"row-81 odd\">\n\t<td class=\"column-1\"><h2>K\u00e1v\u00e9, tea<br \/>\nCoffee, tea<\/h2><\/td><td class=\"column-2\"><\/td>\n<\/tr>\n<tr class=\"row-82 even\">\n\t<td class=\"column-1\">Caffe Latte<\/td><td class=\"column-2\">690,-<\/td>\n<\/tr>\n<tr class=\"row-83 odd\">\n\t<td class=\"column-1\">Cappuccino<\/td><td class=\"column-2\">580,-<\/td>\n<\/tr>\n<tr class=\"row-84 even\">\n\t<td class=\"column-1\">Tea<\/td><td class=\"column-2\">580,-<\/td>\n<\/tr>\n<tr class=\"row-85 odd\">\n\t<td class=\"column-1\">Espresso\u00a0<\/td><td class=\"column-2\">490,-<\/td>\n<\/tr>\n<tr class=\"row-86 even\">\n\t<td class=\"column-1\">Forr\u00f3 csoki<\/td><td class=\"column-2\">825,-<\/td>\n<\/tr>\n<tr class=\"row-87 odd\">\n\t<td class=\"column-1\">Caramel \/ Amaretto latte<\/td><td class=\"column-2\">825,-<\/td>\n<\/tr>\n<tr class=\"row-88 even\">\n\t<td class=\"column-1\">Jegesk\u00e1v\u00e9 van\u00edliafagyival\u00a0<\/td><td class=\"column-2\">940,-<\/td>\n<\/tr>\n<tr class=\"row-89 odd\">\n\t<td class=\"column-1\">Koffeinmentes k\u00e1v\u00e9 \/ n\u00f6v\u00e9nyi tej\u00a0<\/td><td class=\"column-2\">+100,-<\/td>\n<\/tr>\n<tr class=\"row-90 even\">\n\t<td class=\"column-1\"><h2>\u00dcd\u00edt\u0151k<br \/>\nSoft Drinks<\/h2><\/td><td class=\"column-2\"><\/td>\n<\/tr>\n<tr class=\"row-91 odd\">\n\t<td class=\"column-1\">Almal\u00e9, \u0150szibarackl\u00e9 1 dl<\/td><td class=\"column-2\">200,-<\/td>\n<\/tr>\n<tr class=\"row-92 even\">\n\t<td class=\"column-1\">Cappy 0,5 l<\/td><td class=\"column-2\">790,-<\/td>\n<\/tr>\n<tr class=\"row-93 odd\">\n\t<td class=\"column-1\">Hoches C narancsl\u00e9 1 dl<\/td><td class=\"column-2\">220,-<\/td>\n<\/tr>\n<tr class=\"row-94 even\">\n\t<td class=\"column-1\">Coca-Cola, Coca-Cola Light, Coca-Cola Zero 0,5 l<\/td><td class=\"column-2\">790,-<\/td>\n<\/tr>\n<tr class=\"row-95 odd\">\n\t<td class=\"column-1\">Dobozos almal\u00e9, \u0151szibarack 0,2 l<\/td><td class=\"column-2\">400,-<\/td>\n<\/tr>\n<tr class=\"row-96 even\">\n\t<td class=\"column-1\">Dobozos narancsl\u00e9 0,2 l<\/td><td class=\"column-2\">440-<\/td>\n<\/tr>\n<tr class=\"row-97 odd\">\n\t<td class=\"column-1\">Fanta 0,5 l<\/td><td class=\"column-2\">790,-<\/td>\n<\/tr>\n<tr class=\"row-98 even\">\n\t<td class=\"column-1\">F\u00e9mdobozos \u00fcd\u00edt\u0151 (Fanta, Sprite, Coca-Cola, Coca-Cola Light), 0,33 l<\/td><td class=\"column-2\">550,-<\/td>\n<\/tr>\n<tr class=\"row-99 odd\">\n\t<td class=\"column-1\">Limon\u00e1d\u00e9 bodz\u00e1s 3 dl<\/td><td class=\"column-2\">715,-<\/td>\n<\/tr>\n<tr class=\"row-100 even\">\n\t<td class=\"column-1\">Gy\u00f6mb\u00e9r 0,5 l<\/td><td class=\"column-2\">790,-<\/td>\n<\/tr>\n<tr class=\"row-101 odd\">\n\t<td class=\"column-1\">Limon\u00e1d\u00e9 sima 3 dl<\/td><td class=\"column-2\">715,-<\/td>\n<\/tr>\n<tr class=\"row-102 even\">\n\t<td class=\"column-1\">\u00c1sv\u00e1nyv\u00edz 0,5 l<\/td><td class=\"column-2\">520,-<\/td>\n<\/tr>\n<tr class=\"row-103 odd\">\n\t<td class=\"column-1\">Nestea 0,5 l<\/td><td class=\"column-2\">790,-<\/td>\n<\/tr>\n<tr class=\"row-104 even\">\n\t<td class=\"column-1\">Bodza sz\u00f6rp 3 dl<\/td><td class=\"column-2\">440,-<\/td>\n<\/tr>\n<tr class=\"row-105 odd\">\n\t<td class=\"column-1\">Sprite 0,5 l<\/td><td class=\"column-2\">790,-<\/td>\n<\/tr>\n<tr class=\"row-106 even\">\n\t<td class=\"column-1\">Sz\u00e9nsavas \u00fcd\u00edt\u0151 (Coca-Cola, Coca-Cola Light, Fanta, Tonik, Sprite) 1 dl<\/td><td class=\"column-2\">195,-<\/td>\n<\/tr>\n<tr class=\"row-107 odd\">\n\t<td class=\"column-1\">Natur Aqua 0,5 l<\/td><td class=\"column-2\">520,-<\/td>\n<\/tr>\n<tr class=\"row-108 even\">\n\t<td class=\"column-1\">Sz\u00f3da 1 dl<\/td><td class=\"column-2\">100,-<\/td>\n<\/tr>\n<tr class=\"row-109 odd\">\n\t<td class=\"column-1\">Tonic 0,5 l<\/td><td class=\"column-2\">790,-<\/td>\n<\/tr>\n<\/tbody>\n<\/table>\n<!-- #tablepress-1 from cache -->\n<\/div><\/div><div class=\"w-separator size_large\"><\/div><\/div><\/div><\/div><div class=\"vc_col-sm-4 wpb_column vc_column_container\"><div class=\"vc_column-inner\"><div class=\"wpb_wrapper\"><div class=\"w-image us_custom_a2efae71 align_none\"><div class=\"w-image-h\"><img loading=\"lazy\" decoding=\"async\" width=\"1600\" height=\"1048\" src=\"https:\/\/kobufe.hu\/wp-content\/uploads\/2023\/09\/24.jpg\" class=\"attachment-full size-full\" alt=\"\" srcset=\"https:\/\/kobufe.hu\/wp-content\/uploads\/2023\/09\/24.jpg 1600w, https:\/\/kobufe.hu\/wp-content\/uploads\/2023\/09\/24-600x393.jpg 600w, https:\/\/kobufe.hu\/wp-content\/uploads\/2023\/09\/24-1024x671.jpg 1024w, https:\/\/kobufe.hu\/wp-content\/uploads\/2023\/09\/24-300x197.jpg 300w, https:\/\/kobufe.hu\/wp-content\/uploads\/2023\/09\/24-450x295.jpg 450w\" sizes=\"(max-width: 1600px) 100vw, 1600px\" \/><\/div><\/div><div class=\"w-separator size_large\"><\/div><div class=\"w-image us_custom_a2efae71 align_none\"><div class=\"w-image-h\"><img loading=\"lazy\" decoding=\"async\" width=\"1600\" height=\"1050\" src=\"https:\/\/kobufe.hu\/wp-content\/uploads\/2023\/09\/38.jpg\" class=\"attachment-full size-full\" alt=\"\" srcset=\"https:\/\/kobufe.hu\/wp-content\/uploads\/2023\/09\/38.jpg 1600w, https:\/\/kobufe.hu\/wp-content\/uploads\/2023\/09\/38-600x394.jpg 600w, https:\/\/kobufe.hu\/wp-content\/uploads\/2023\/09\/38-1024x672.jpg 1024w, https:\/\/kobufe.hu\/wp-content\/uploads\/2023\/09\/38-300x197.jpg 300w, https:\/\/kobufe.hu\/wp-content\/uploads\/2023\/09\/38-450x295.jpg 450w\" sizes=\"(max-width: 1600px) 100vw, 1600px\" \/><\/div><\/div><div class=\"w-separator size_large\"><\/div><div class=\"w-image us_custom_a2efae71 align_none\"><div class=\"w-image-h\"><img loading=\"lazy\" decoding=\"async\" width=\"1600\" height=\"1048\" src=\"https:\/\/kobufe.hu\/wp-content\/uploads\/2023\/09\/26.jpg\" class=\"attachment-full size-full\" alt=\"\" srcset=\"https:\/\/kobufe.hu\/wp-content\/uploads\/2023\/09\/26.jpg 1600w, https:\/\/kobufe.hu\/wp-content\/uploads\/2023\/09\/26-600x393.jpg 600w, https:\/\/kobufe.hu\/wp-content\/uploads\/2023\/09\/26-1024x671.jpg 1024w, https:\/\/kobufe.hu\/wp-content\/uploads\/2023\/09\/26-300x197.jpg 300w, https:\/\/kobufe.hu\/wp-content\/uploads\/2023\/09\/26-450x295.jpg 450w\" sizes=\"(max-width: 1600px) 100vw, 1600px\" \/><\/div><\/div><\/div><\/div><\/div><\/div><\/div><\/section>\n","protected":false},"excerpt":{"rendered":"Drinks Kim\u00e9rt borok, pezsg\u0151k, vermutok Wines, sparkling wines, vermouth Fiesta K\u00e9kfrankos 1dl230,- Fiesta Rajnai Rizling 1dl230,- Fiesta Ros\u00e9 1dl230,- Gere Vill\u00e1nyi Portugieser 1 dl750,- K\u00e9kfrankos Zweigelt 1 dl230,- Nyakas Budai Irsai Oliv\u00e9r 1 dl660,- Aperol Spritz\u00a02370,- Sz\u00f3dav\u00edz 1 dl100,- Nyakas Budai Chardonnay 1 dl660,- Borok, pezsg\u0151k, vermut Wines, sparkling wines, vermouth Prosecco\u00a0 0,75 l6500,- Nyakas...","protected":false},"author":4,"featured_media":0,"parent":0,"menu_order":0,"comment_status":"closed","ping_status":"closed","template":"","meta":{"footnotes":""},"_links":{"self":[{"href":"https:\/\/kobufe.hu\/en\/wp-json\/wp\/v2\/pages\/1218"}],"collection":[{"href":"https:\/\/kobufe.hu\/en\/wp-json\/wp\/v2\/pages"}],"about":[{"href":"https:\/\/kobufe.hu\/en\/wp-json\/wp\/v2\/types\/page"}],"author":[{"embeddable":true,"href":"https:\/\/kobufe.hu\/en\/wp-json\/wp\/v2\/users\/4"}],"replies":[{"embeddable":true,"href":"https:\/\/kobufe.hu\/en\/wp-json\/wp\/v2\/comments?post=1218"}],"version-history":[{"count":3,"href":"https:\/\/kobufe.hu\/en\/wp-json\/wp\/v2\/pages\/1218\/revisions"}],"predecessor-version":[{"id":1549,"href":"https:\/\/kobufe.hu\/en\/wp-json\/wp\/v2\/pages\/1218\/revisions\/1549"}],"wp:attachment":[{"href":"https:\/\/kobufe.hu\/en\/wp-json\/wp\/v2\/media?parent=1218"}],"curies":[{"name":"wp","href":"https:\/\/api.w.org\/{rel}","templated":true}]}}