{"id":1494,"date":"2023-12-06T19:24:10","date_gmt":"2023-12-06T17:24:10","guid":{"rendered":"https:\/\/kbf.artamax.eu\/?page_id=1494"},"modified":"2025-02-21T16:31:08","modified_gmt":"2025-02-21T14:31:08","slug":"home","status":"publish","type":"page","link":"https:\/\/kobufe.hu\/de\/","title":{"rendered":"Start"},"content":{"rendered":"<section class=\"l-section wpb_row height_auto width_full\"><div class=\"l-section-h i-cf\"><div class=\"g-cols vc_row via_flex valign_top type_boxes stacking_default\"><div class=\"vc_col-sm-8 wpb_column vc_column_container\"><div class=\"vc_column-inner\"><div class=\"wpb_wrapper\"><div class=\"w-separator size_small\"><\/div><div class=\"wpb_text_column\"><div class=\"wpb_wrapper\"><h1>Willkommen bei uns!<\/h1>\n<\/div><\/div><div class=\"w-separator size_small\"><\/div><div class=\"wpb_text_column\"><div class=\"wpb_wrapper\"><p>Haben Sie auf dem Sz\u00e9chenyi Berg einen Ausflug mit der Familie gemacht, und nun sehnen Sie sich nach gute Speisen und erfrischende Getr\u00e4nke? Oder ist ausgesprochen unser Restaurant Ihr Ziel? Wie es auch sein mag, sind Sie bei uns herzlich willkommen mit besten Speisen und riesiger Auswahl von Getr\u00e4nken. Wo die Kindereisenbahn stoppt, direkt neben Normafa wartet Stille, Ruhe, Natur und der Restaurant K\u0151b\u00fcf\u00e9 auf Sie.<\/p>\n<p>Wir sind im Herzen des Waldes, jedoch finden Sie uns ganz leicht. Wenn das Wetter sch\u00f6n ist, brauchen Sie nicht auf des L\u00e4cheln der Sonne zu verzichten. Nehmen Sie doch einfach drau\u00dfen an den Holztischen Platz. Wenn es etwas k\u00e4lter ist, k\u00f6nnen Sie auch gerne unser bequemes Geb\u00e4ude w\u00e4hlen. Das goldene Mitte ist ein Raum, dass zwar drau\u00dfen ist, der Sie aber von der K\u00e4lte mit speziellen Thermofolien sch\u00fctz.<\/p>\n<p>Die Atmosph\u00e4re ist in absolutem Zusammenhang mit der historischen Umgebung (Viharb\u00fckk). An den W\u00e4nden h\u00e4ngen zahlreiche, alte schwarz-wei\u00dfe Fotos und Postkarten, die nicht nur \u00fcber den Restaurant erz\u00e4hlen sonder auch \u00fcber die Kindereisenbahn. Sind Sie eher an Sport interessiert? Dann sind Sie bei uns richtig. Besuchen Sie uns mit Ihren Freunden, nehmen Sie Platz, lehnen Sie sich zur\u00fcck, bestellen Sie aus unser Biersortiment und enie\u00dfen Sie das Event auf unser TV.<\/p>\n<p>Wir sind die beste Wahl f\u00fcr Geburtstagspartys und f\u00fcr \u00e4hnliche Ereignisse. Es ist besonders praktisch bei uns Kinderprogramme zu organisieren. Wir haben hier nicht nur alles M\u00f6gliche zum essen und trinken, sonder auch einen modernen Spielplatz.<\/p>\n<p>Besuchen Sie uns, und Sie werden nicht entt\u00e4uscht: die Natur, die frische Luft und besonders gro\u00dfe Gastfreundschaft erwarten Sie.<\/p>\n<\/div><\/div><div class=\"w-separator size_medium\"><\/div><div class=\"g-cols wpb_row via_flex valign_top type_default stacking_default\"><div class=\"vc_col-sm-6 wpb_column vc_column_container\"><div class=\"vc_column-inner\"><div class=\"wpb_wrapper\"><div class=\"wpb_text_column\"><div class=\"wpb_wrapper\"><h2>N\u00fctzliche Informationen<\/h2>\n<\/div><\/div><div class=\"w-separator size_small\"><\/div><div class=\"wpb_text_column\"><div class=\"wpb_wrapper\"><div class=\"wpb_text_column\">\n<div class=\"wpb_wrapper\">\n<div class=\"wpb_text_column\">\n<div class=\"wpb_wrapper\">\n<p><strong>\u00d6ffnungszeiten von Dienstag bis Sonntag:<\/strong><\/p>\n<\/div>\n<\/div>\n<div class=\"wpb_text_column\">\n<div class=\"wpb_wrapper\">\n<p><strong>10:00 \u2013 19<\/strong><strong>:00 *<br \/>\n<\/strong>*K\u00fcche: 12:00 \u2013 18:30.<\/p>\n<p>Bezahlung: Bargeld, Kreditkarte<br \/>\nOTP, K&amp;H, MKB SZ\u00c9P-Karte, ERZS\u00c9BET-Gutscheine werden akzeptiert<\/p>\n<p><b>Zufahrt:<\/b><\/p>\n<ul>\n<li>Mit dem Auto \u2013 kostenloses Parken jeden Tag.<\/li>\n<li>Mit den Bussen 21, 221, 212A bis zur Haltestelle Ordas \u00fati und von dort 5 Gehminuten entfernt, oder mit dem auf der BKK-Website angefragten Zahnrad-Ersatzbus Nr. 60<\/li>\n<\/ul>\n<\/div>\n<\/div>\n<\/div>\n<\/div>\n<\/div><\/div><\/div><\/div><\/div><div class=\"vc_col-sm-6 wpb_column vc_column_container\"><div class=\"vc_column-inner us_custom_ac7252c9\"><div class=\"wpb_wrapper\"><div class=\"w-html\"><link rel=\"stylesheet\" href=\"\/player\/circle.player-eng.css\">\n<script type=\"text\/javascript\" src=\"\/player\/lib\/jquery.min.js\"><\/script>\n<script type=\"text\/javascript\" src=\"\/player\/dist\/jplayer\/jquery.jplayer.min.js\"><\/script>\n<script type=\"text\/javascript\" src=\"\/player\/lib\/circle-player\/js\/jquery.transform2d.js\"><\/script>\n<script type=\"text\/javascript\" src=\"\/player\/lib\/circle-player\/js\/jquery.grab.js\"><\/script>\n<script type=\"text\/javascript\" src=\"\/player\/lib\/circle-player\/js\/mod.csstransforms.min.js\"><\/script>\n<script type=\"text\/javascript\" src=\"\/player\/lib\/circle-player\/js\/circle.player.js\"><\/script>\n\n<script type=\"text\/javascript\">\n\/\/<![CDATA[\n\n$(document).ready(function(){\n\n\tvar myCirclePlayer = new CirclePlayer(\"#jquery_jplayer_1\",\n\t{\n\t\tm4a: \"\/wp-content\/uploads\/2023\/09\/ambient_mixdown-2.mp3\",\n\t\toga: \"\/wp-content\/uploads\/2023\/09\/ambient_mixdown-2.ogg\"\n\t}, {\n\t\tcssSelectorAncestor: \"#cp_container_1\",\n\t\tswfPath: \"\/player\/dist\/jplayer\",\n\t\twmode: \"window\",\n\t\tkeyEnabled: true\n\t});\n});\n\/\/]]>\n<\/script>\n\n\t\t\t<div id=\"jquery_jplayer_1\" class=\"cp-jplayer\"><\/div>\n\t\t\t<div id=\"cp_container_1\" class=\"cp-container\">\n\t\t\t\t<div class=\"cp-buffer-holder\">\n\t\t\t\t\t<div class=\"cp-buffer-1\"><\/div>\n\t\t\t\t\t<div class=\"cp-buffer-2\"><\/div>\n\t\t\t\t<\/div>\n\t\t\t\t<div class=\"cp-progress-holder\">\n\t\t\t\t\t<div class=\"cp-progress-1\"><\/div>\n\t\t\t\t\t<div class=\"cp-progress-2\"><\/div>\n\t\t\t\t<\/div>\n\t\t\t\t<div class=\"cp-circle-control\"><\/div>\n\t\t\t\t<ul class=\"cp-controls\">\n\t\t\t\t\t<li><a class=\"cp-play\" tabindex=\"1\">play<\/a><\/li>\n\t\t\t\t\t<li><a class=\"cp-pause\" style=\"display:none;\" tabindex=\"1\">pause<\/a><\/li> <!-- Needs the inline style here, or jQuery.show() uses display:inline instead of display:block -->\n\t\t\t\t<\/ul>\n\t\t\t<\/div><\/div><\/div><\/div><\/div><\/div><div class=\"w-separator size_medium\"><\/div><\/div><\/div><\/div><div class=\"vc_col-sm-4 wpb_column vc_column_container has_bg_color\"><div class=\"vc_column-inner us_custom_b1d44d0d\"><div class=\"wpb_wrapper\"><div class=\"w-separator size_small\"><\/div><div class=\"w-image us_custom_4af741be align_none\"><a title=\"Gal\u00e9ria\" href=\"https:\/\/kobufe.hu\/de\/galerie\/\" aria-label=\"Link\" class=\"w-image-h\"><img loading=\"lazy\" decoding=\"async\" width=\"620\" height=\"500\" src=\"https:\/\/kobufe.hu\/wp-content\/uploads\/2023\/09\/fooldal_kepek2.jpg\" class=\"attachment-full size-full\" alt=\"\" srcset=\"https:\/\/kobufe.hu\/wp-content\/uploads\/2023\/09\/fooldal_kepek2.jpg 620w, https:\/\/kobufe.hu\/wp-content\/uploads\/2023\/09\/fooldal_kepek2-600x484.jpg 600w, https:\/\/kobufe.hu\/wp-content\/uploads\/2023\/09\/fooldal_kepek2-300x242.jpg 300w, https:\/\/kobufe.hu\/wp-content\/uploads\/2023\/09\/fooldal_kepek2-450x363.jpg 450w\" sizes=\"(max-width: 620px) 100vw, 620px\" \/><\/a><\/div><div class=\"w-separator size_medium\"><\/div><div class=\"w-separator size_small\"><\/div><div class=\"wpb_text_column us_custom_27645ff4\"><div class=\"wpb_wrapper\"><h3>Sehensw\u00fcrdigkeiten<\/h3>\n<pre><a href=\"\/de\/sehenswurdigkeiten\/\"><img loading=\"lazy\" decoding=\"async\" class=\"size-full wp-image-1267 alignleft\" src=\"https:\/\/kobufe.hu\/wp-content\/uploads\/2023\/09\/rightbox-img2.jpg\" alt=\"\" width=\"93\" height=\"125\" \/><\/a>Zahnradbahn, Kindreisenbahn, Normafa, Aussichtsturm in J\u00e1nos Berg, Sessellift, Challengeland\r\n\r\n<strong><a href=\"\/de\/sehenswurdigkeiten\/\">Weiter \u00bb<\/a><\/strong>\r\n<\/pre>\n<\/div><\/div><div class=\"w-separator size_medium\"><\/div><div class=\"wpb_text_column us_custom_27645ff4\"><div class=\"wpb_wrapper\"><h3>Stellenangebote<\/h3>\n<pre><img loading=\"lazy\" decoding=\"async\" class=\"wp-image-1276 size-full alignleft\" src=\"https:\/\/kobufe.hu\/wp-content\/uploads\/2023\/09\/allas.jpg\" alt=\"\" width=\"93\" height=\"125\" \/>St\u00f6bern Sie in unseren aktuellen Stellenangeboten. \r\n\r\n<strong><a href=\"\/de\/stellenangebote\/\">Weiter \u00bb<\/a><\/strong><\/pre>\n<\/div><\/div><\/div><\/div><\/div><\/div><\/div><\/section>\n","protected":false},"excerpt":{"rendered":"Willkommen bei uns! Haben Sie auf dem Sz\u00e9chenyi Berg einen Ausflug mit der Familie gemacht, und nun sehnen Sie sich nach gute Speisen und erfrischende Getr\u00e4nke? Oder ist ausgesprochen unser Restaurant Ihr Ziel? Wie es auch sein mag, sind Sie bei uns herzlich willkommen mit besten Speisen und riesiger Auswahl von Getr\u00e4nken. Wo die Kindereisenbahn...","protected":false},"author":4,"featured_media":0,"parent":0,"menu_order":0,"comment_status":"closed","ping_status":"closed","template":"","meta":{"footnotes":""},"_links":{"self":[{"href":"https:\/\/kobufe.hu\/de\/wp-json\/wp\/v2\/pages\/1494"}],"collection":[{"href":"https:\/\/kobufe.hu\/de\/wp-json\/wp\/v2\/pages"}],"about":[{"href":"https:\/\/kobufe.hu\/de\/wp-json\/wp\/v2\/types\/page"}],"author":[{"embeddable":true,"href":"https:\/\/kobufe.hu\/de\/wp-json\/wp\/v2\/users\/4"}],"replies":[{"embeddable":true,"href":"https:\/\/kobufe.hu\/de\/wp-json\/wp\/v2\/comments?post=1494"}],"version-history":[{"count":7,"href":"https:\/\/kobufe.hu\/de\/wp-json\/wp\/v2\/pages\/1494\/revisions"}],"predecessor-version":[{"id":1570,"href":"https:\/\/kobufe.hu\/de\/wp-json\/wp\/v2\/pages\/1494\/revisions\/1570"}],"wp:attachment":[{"href":"https:\/\/kobufe.hu\/de\/wp-json\/wp\/v2\/media?parent=1494"}],"curies":[{"name":"wp","href":"https:\/\/api.w.org\/{rel}","templated":true}]}}