{"id":1488,"date":"2023-12-06T19:02:43","date_gmt":"2023-12-06T17:02:43","guid":{"rendered":"https:\/\/kbf.artamax.eu\/?page_id=1488"},"modified":"2025-02-21T16:30:21","modified_gmt":"2025-02-21T14:30:21","slug":"kontakt","status":"publish","type":"page","link":"https:\/\/kobufe.hu\/de\/kontakt\/","title":{"rendered":"Kontakt"},"content":{"rendered":"<section class=\"l-section wpb_row height_small\"><div class=\"l-section-h i-cf\"><div class=\"g-cols vc_row via_flex valign_top type_default stacking_default\"><div class=\"vc_col-sm-12 wpb_column vc_column_container\"><div class=\"vc_column-inner\"><div class=\"wpb_wrapper\"><div class=\"wpb_text_column\"><div class=\"wpb_wrapper\"><h1>Kontakt<\/h1>\n<\/div><\/div><\/div><\/div><\/div><\/div><\/div><\/section><section class=\"l-section wpb_row height_small\"><div class=\"l-section-h i-cf\"><div class=\"g-cols vc_row via_flex valign_top type_default stacking_default\"><div class=\"vc_col-sm-6 wpb_column vc_column_container\"><div class=\"vc_column-inner\"><div class=\"wpb_wrapper\">[vc_custom_heading text=&#8220;K\u0151b\u00fcf\u00e9 Restaurant&#8220; use_theme_fonts=&#8220;yes&#8220;]<div class=\"w-iconbox us_custom_71d3e3d1 iconpos_left style_default color_custom align_none no_text\"><div class=\"w-iconbox-icon\" style=\"font-size:20px;--icon-color:var(--color-content-heading);\"><i class=\"far fa-map-marker-alt\"><\/i><\/div><div class=\"w-iconbox-meta\"><p class=\"w-iconbox-title\">Adresse: 1121 Budapest, Rege \u00fat 21.<\/p><\/div><\/div><div class=\"w-separator size_custom\" style=\"height:10px\"><\/div><div class=\"w-iconbox us_custom_71d3e3d1 iconpos_left style_default color_custom align_none no_text\"><a href=\"tel:+36302972140\" class=\"w-iconbox-link\" aria-label=\"+36 30 297 2140\"><div class=\"w-iconbox-icon\" style=\"font-size:20px;--icon-color:var(--color-content-heading);\"><i class=\"fas fa-mobile-alt\"><\/i><\/div><\/a><div class=\"w-iconbox-meta\"><a href=\"tel:+36302972140\" class=\"w-iconbox-link\" aria-label=\"+36 30 297 2140\"><p class=\"w-iconbox-title\">+36 30 297 2140<\/p><\/a><\/div><\/div><div class=\"w-separator size_custom\" style=\"height:10px\"><\/div><div class=\"w-iconbox us_custom_71d3e3d1 iconpos_left style_default color_custom align_none no_text\"><a href=\"mailto:kobufe@kobufe.hu\" class=\"w-iconbox-link\" aria-label=\"kobufe@kobufe.hu\"><div class=\"w-iconbox-icon\" style=\"font-size:20px;--icon-color:var(--color-content-heading);\"><i class=\"far fa-envelope\"><\/i><\/div><\/a><div class=\"w-iconbox-meta\"><a href=\"mailto:kobufe@kobufe.hu\" class=\"w-iconbox-link\" aria-label=\"kobufe@kobufe.hu\"><p class=\"w-iconbox-title\">kobufe@kobufe.hu<\/p><\/a><\/div><\/div><div class=\"w-separator size_custom\" style=\"height:10px\"><\/div><div class=\"w-iconbox us_custom_71d3e3d1 iconpos_left style_default color_custom align_none no_text\"><a target=\"_blank\" href=\"https:\/\/www.facebook.com\/kobufeanormafanal\" rel=\"noopener\" class=\"w-iconbox-link\" aria-label=\"Facebook.com\/kobufeanormafanal\"><div class=\"w-iconbox-icon\" style=\"font-size:20px;--icon-color:var(--color-content-heading);\"><i class=\"fab fa-facebook\"><\/i><\/div><\/a><div class=\"w-iconbox-meta\"><a target=\"_blank\" href=\"https:\/\/www.facebook.com\/kobufeanormafanal\" rel=\"noopener\" class=\"w-iconbox-link\" aria-label=\"Facebook.com\/kobufeanormafanal\"><p class=\"w-iconbox-title\">Facebook.com\/kobufeanormafanal<\/p><\/a><\/div><\/div><div class=\"w-separator size_custom\" style=\"height:10px\"><\/div>[vc_custom_heading text=&#8220;N\u00fctzliche Informationen&#8220; use_theme_fonts=&#8220;yes&#8220;]<div class=\"w-separator size_small\"><\/div><div class=\"wpb_text_column\"><div class=\"wpb_wrapper\"><div class=\"wpb_text_column\">\n<div class=\"wpb_wrapper\">\n<p><strong style=\"font-size: 16px;\">\u00d6ffnungszeiten von Dienstag bis Sonntag:<\/strong><\/p>\n<\/div>\n<\/div>\n<div class=\"wpb_text_column\">\n<div class=\"wpb_wrapper\">\n<p><strong>10:00 \u2013 19<\/strong><strong>:00 *<br \/>\n<\/strong>*K\u00fcche: 12:00 &#8211; 18:30.<\/p>\n<p>Bezahlung: Bargeld, Kreditkarte<br \/>\nOTP, K&amp;H, MKB SZ\u00c9P-Karte, ERZS\u00c9BET-Gutscheine werden akzeptiert<\/p>\n<p><b>Zufahrt:<\/b><\/p>\n<ul>\n<li>Mit dem Auto &#8211; kostenloses Parken jeden Tag.<\/li>\n<li>Mit den Bussen 21, 221, 212A bis zur Haltestelle Ordas \u00fati und von dort 5 Gehminuten entfernt, oder mit dem auf der BKK-Website angefragten Zahnrad-Ersatzbus Nr. 60<\/li>\n<\/ul>\n<\/div>\n<\/div>\n<\/div><\/div><div class=\"w-separator size_small\"><\/div><\/div><\/div><\/div><div class=\"vc_col-sm-6 wpb_column vc_column_container\"><div class=\"vc_column-inner\"><div class=\"wpb_wrapper\"><div class=\"wpb_text_column\"><div class=\"wpb_wrapper\"><h2>Schreiben Sie uns:<\/h2>\n<\/div><\/div><div class=\"w-separator size_small\"><\/div><form class=\"w-form  us_custom_32cb1087 layout_ver for_cform us_form_1\" autocomplete=\"off\" action=\"https:\/\/kobufe.hu\/de\/wp-json\/wp\/v2\/pages\/1488\" method=\"post\"><div class=\"w-form-h\"><div class=\"w-form-row for_text required\">\r\n\t\t<div class=\"w-form-row-field\">\r\n\t\t\t\t\t\t<input aria-label=\"Name\" type=\"text\" name=\"us_form_1_text_1\" value placeholder=\"Name *\" data-required=\"true\" aria-required=\"true\"\/>\r\n\t\t\t<\/div>\r\n\t\t<div class=\"w-form-row-state\">Bitte f\u00fcllen Sie dieses Feld aus.<\/div>\r\n<\/div>\r\n<div class=\"w-form-row for_email required\">\r\n\t\t<div class=\"w-form-row-field\">\r\n\t\t\t\t\t\t<input aria-label=\"Email\" type=\"email\" name=\"us_form_1_email_1\" value placeholder=\"Email *\" data-required=\"true\" aria-required=\"true\"\/>\r\n\t\t\t<\/div>\r\n\t\t<div class=\"w-form-row-state\">Bitte gib eine g\u00fcltige E-Mail-Adresse ein.<\/div>\r\n<\/div>\r\n<div class=\"w-form-row for_text\">\r\n\t\t<div class=\"w-form-row-field\">\r\n\t\t\t\t\t\t<input aria-label=\"Phone\" inputmode=\"numeric\" type=\"text\" name=\"us_form_1_text_2\" value placeholder=\"Phone\"\/>\r\n\t\t\t<\/div>\r\n\t\t<div class=\"w-form-row-state\">Bitte f\u00fcllen Sie dieses Feld aus.<\/div>\r\n<\/div>\r\n<div class=\"w-form-row for_textarea required\">\r\n\t\t<div class=\"w-form-row-field\">\r\n\t\t\t\t\t\t<textarea aria-label=\"Nachricht\" name=\"us_form_1_textarea_1\" placeholder=\"Nachricht *\" data-required=\"true\" aria-required=\"true\"><\/textarea>\r\n\t\t\t<\/div>\r\n\t\t<div class=\"w-form-row-state\">Bitte f\u00fcllen Sie dieses Feld aus.<\/div>\r\n<\/div>\r\n<div class=\"w-form-row for_captcha has_label required\">\r\n\t<div class=\"w-form-row-label\">\r\n\t\t<span>Bitte antworten:  <span>21 + 13 = ?<\/span><\/span>\r\n\t<\/div>\r\n\t<div class=\"w-form-row-field\">\r\n\t\t\t\t<input type=\"hidden\" name=\"us_form_1_captcha_1_hash\" value=\"9addaa11ceb8414c0293485dd591a88c\" \/>\r\n\t\t\t\t<input aria-label=\"Bitte antworten: \" type=\"text\" name=\"us_form_1_captcha_1\" placeholder data-required=\"true\" aria-required=\"true\"\/>\r\n\t\t\t<\/div>\r\n\t\t<div class=\"w-form-row-state\">Bitte geben Sie das Ergebnis ein, um fortzufahren<\/div>\r\n<\/div>\r\n<input type=\"hidden\" name=\"action\" value=\"us_ajax_cform\" \/>\r\n<input type=\"hidden\" name=\"post_id\" value=\"0\" \/>\r\n<input type=\"hidden\" name=\"form_index\" value=\"1\" \/>\r\n<div class=\"w-form-row for_submit  align_none\">\r\n\t<button class=\"w-btn  us-btn-style_1\" aria-label=\"NACHRICHTEN SENDEN\" type=\"submit\">\r\n\t\t<span class=\"g-preloader type_1\"><\/span>\r\n\t\t\t\t<span class=\"w-btn-label\">NACHRICHTEN SENDEN<\/span>\r\n\t\t\t<\/button>\r\n\t<\/div>\r\n<\/div><div class=\"w-form-message\"><\/div><div class=\"w-form-json hidden\" onclick='return {&quot;ajaxurl&quot;:&quot;https:\\\/\\\/kobufe.hu\\\/wp-admin\\\/admin-ajax.php&quot;,&quot;messages&quot;:{&quot;err_empty&quot;:&quot;Bitte f\\u00fcllen Sie dieses Feld aus.&quot;,&quot;err_size&quot;:&quot;Die Dateigr\\u00f6\\u00dfe darf %s MB nicht \\u00fcberschreiten&quot;,&quot;err_extension&quot;:&quot;Dateityp %s ist nicht zul\\u00e4ssig&quot;}}'><\/div><\/form><\/div><\/div><\/div><\/div><\/div><\/section><section class=\"l-section wpb_row height_small\"><div class=\"l-section-h i-cf\"><div class=\"g-cols vc_row via_flex valign_top type_default stacking_default\"><div class=\"vc_col-sm-12 wpb_column vc_column_container\"><div class=\"vc_column-inner\"><div class=\"wpb_wrapper\">[vc_raw_html]JTNDaWZyYW1lJTIwc3JjJTNEJTIyaHR0cHMlM0ElMkYlMkZ3d3cuZ29vZ2xlLmNvbSUyRm1hcHMlMkZlbWJlZCUzRnBiJTNEJTIxMW0xNCUyMTFtOCUyMTFtMyUyMTFkMjY5NS43NjMyMjMzNzI4MjclMjEyZDE4Ljk3Njk5MTgxMDE2ODQ1JTIxM2Q0Ny40OTQ1MjU4MTM3NDU0NzYlMjEzbTIlMjExaTEwMjQlMjEyaTc2OCUyMTRmMTMuMSUyMTNtMyUyMTFtMiUyMTFzMHg0NzQxZGVmNmRmM2M5NDE1JTI1M0EweDE0NjAyZTc2ZjhkNDdiYSUyMTJ6UzhXUllzTzhac09wJTIxNWUwJTIxM20yJTIxMXNlbiUyMTJzaHUlMjE0djE2OTQwOTM3ODI2NTIlMjE1bTIlMjExc2VuJTIxMnNodSUyMiUyMHdpZHRoJTNEJTIyMTAwJTI1JTIyJTIwaGVpZ2h0JTNEJTIyNDUwJTIyJTIwc3R5bGUlM0QlMjJib3JkZXIlM0EwJTNCJTIyJTIwYWxsb3dmdWxsc2NyZWVuJTNEJTIyJTIyJTIwbG9hZGluZyUzRCUyMmxhenklMjIlMjByZWZlcnJlcnBvbGljeSUzRCUyMm5vLXJlZmVycmVyLXdoZW4tZG93bmdyYWRlJTIyJTNFJTNDJTJGaWZyYW1lJTNF[\/vc_raw_html]<\/div><\/div><\/div><\/div><\/div><\/section>\n","protected":false},"excerpt":{"rendered":"Kontakt [vc_custom_heading text=\"K\u0151b\u00fcf\u00e9 Restaurant\" use_theme_fonts=\"yes\"]Adresse: 1121 Budapest, Rege \u00fat 21.+36 30 297 2140kobufe@kobufe.huFacebook.com\/kobufeanormafanal[vc_custom_heading text=\"N\u00fctzliche Informationen\" use_theme_fonts=\"yes\"] \u00d6ffnungszeiten von Dienstag bis Sonntag: 10:00 \u2013 19:00 * *K\u00fcche: 12:00 &#8211; 18:30. Bezahlung: Bargeld, Kreditkarte OTP, K&amp;H, MKB SZ\u00c9P-Karte, ERZS\u00c9BET-Gutscheine werden akzeptiert Zufahrt: Mit dem Auto &#8211; kostenloses Parken jeden Tag. Mit den Bussen 21, 221, 212A bis...","protected":false},"author":4,"featured_media":0,"parent":0,"menu_order":0,"comment_status":"closed","ping_status":"closed","template":"","meta":{"footnotes":""},"_links":{"self":[{"href":"https:\/\/kobufe.hu\/de\/wp-json\/wp\/v2\/pages\/1488"}],"collection":[{"href":"https:\/\/kobufe.hu\/de\/wp-json\/wp\/v2\/pages"}],"about":[{"href":"https:\/\/kobufe.hu\/de\/wp-json\/wp\/v2\/types\/page"}],"author":[{"embeddable":true,"href":"https:\/\/kobufe.hu\/de\/wp-json\/wp\/v2\/users\/4"}],"replies":[{"embeddable":true,"href":"https:\/\/kobufe.hu\/de\/wp-json\/wp\/v2\/comments?post=1488"}],"version-history":[{"count":2,"href":"https:\/\/kobufe.hu\/de\/wp-json\/wp\/v2\/pages\/1488\/revisions"}],"predecessor-version":[{"id":1569,"href":"https:\/\/kobufe.hu\/de\/wp-json\/wp\/v2\/pages\/1488\/revisions\/1569"}],"wp:attachment":[{"href":"https:\/\/kobufe.hu\/de\/wp-json\/wp\/v2\/media?parent=1488"}],"curies":[{"name":"wp","href":"https:\/\/api.w.org\/{rel}","templated":true}]}}