{"id":1460,"date":"2023-09-07T16:18:58","date_gmt":"2023-09-07T14:18:58","guid":{"rendered":"https:\/\/kbf.artamax.eu\/latnivalok\/"},"modified":"2023-12-11T15:58:27","modified_gmt":"2023-12-11T13:58:27","slug":"sehenswurdigkeiten","status":"publish","type":"page","link":"https:\/\/kobufe.hu\/de\/sehenswurdigkeiten\/","title":{"rendered":"Sehensw\u00fcrdigkeiten"},"content":{"rendered":"<section class=\"l-section wpb_row height_small\"><div class=\"l-section-h i-cf\"><div class=\"g-cols vc_row via_flex valign_top type_default stacking_default\"><div class=\"vc_col-sm-12 wpb_column vc_column_container\"><div class=\"vc_column-inner\"><div class=\"wpb_wrapper\"><div class=\"wpb_text_column\"><div class=\"wpb_wrapper\"><h1>Sehensw\u00fcrdigkeiten<\/h1>\n<\/div><\/div><div class=\"wpb_text_column\"><div class=\"wpb_wrapper\"><p>Unser Restaurant ist nicht nur ein Ort f\u00fcr gute Speisen und Getr\u00e4nke. Er liegt in den Armen des Sz\u00e9chensi-Berges, wo die Natur wunderbare Sehensw\u00fcrdigkeiten bergt.<\/p>\n<\/div><\/div><\/div><\/div><\/div><\/div><\/div><\/section><section class=\"l-section wpb_row us_custom_8535c5f4 height_small\"><div class=\"l-section-h i-cf\"><div class=\"g-cols vc_row via_flex valign_top type_default stacking_default\"><div class=\"vc_col-sm-12 wpb_column vc_column_container\"><div class=\"vc_column-inner\"><div class=\"wpb_wrapper\"><div class=\"wpb_text_column\"><div class=\"wpb_wrapper\"><h2>Zahnradbahn (Fogaskerek\u0171)<\/h2>\n<\/div><\/div><\/div><\/div><\/div><\/div><\/div><\/section><section class=\"l-section wpb_row height_small\"><div class=\"l-section-h i-cf\"><div class=\"g-cols vc_row via_flex valign_middle type_default reversed stacking_default\"><div class=\"vc_col-sm-8 wpb_column vc_column_container\"><div class=\"vc_column-inner\"><div class=\"wpb_wrapper\"><div class=\"wpb_text_column\"><div class=\"wpb_wrapper\"><p>Die Endstation der Bahn ist ganz nahe zu K\u0151b\u00fcf\u00e9. Sie wird von V\u00e1rosmajor gestartet und rollt bis zu unserem Restaurant.<\/p>\n<p>Die Zahnradbahn bedeutet f\u00fcr uns viele Erinnerungen. Uns es ist beruhigend zu wissen, dass dies auch heute f\u00fcr unsere Kinder da ist. Dies wurde auch von dem Bezirk erkannt und die Bahn wird nun renoviert und modernisiert. Die Wagen werden klimatisiert und auch die Motoren werden ein wenig Extra bekommen. So wird auch die Leistung besser und die Zahnradbahn kann in der Zukunft sogar die Geschwindigkeit von 40 Km\\ Stunde erreichen<\/p>\n<\/div><\/div><div class=\"w-separator size_small\"><\/div><div class=\"w-btn-wrapper align_none\"><a class=\"w-btn us-btn-style_1\" target=\"_blank\" href=\"https:\/\/bkk.hu\/menetrendek\/#60\" rel=\"noopener\"><span class=\"w-btn-label\">Fahrplan<\/span><\/a><\/div><\/div><\/div><\/div><div class=\"vc_col-sm-4 wpb_column vc_column_container\"><div class=\"vc_column-inner\"><div class=\"wpb_wrapper\"><div class=\"w-image us_custom_a2efae71 align_none\"><a href=\"https:\/\/kobufe.hu\/wp-content\/uploads\/2023\/09\/fogaskereku2.jpg\" ref=\"magnificPopup\" aria-label=\"Link\" class=\"w-image-h\"><img loading=\"lazy\" decoding=\"async\" width=\"900\" height=\"600\" src=\"https:\/\/kobufe.hu\/wp-content\/uploads\/2023\/09\/fogaskereku2.jpg\" class=\"attachment-full size-full\" alt=\"\" srcset=\"https:\/\/kobufe.hu\/wp-content\/uploads\/2023\/09\/fogaskereku2.jpg 900w, https:\/\/kobufe.hu\/wp-content\/uploads\/2023\/09\/fogaskereku2-600x400.jpg 600w, https:\/\/kobufe.hu\/wp-content\/uploads\/2023\/09\/fogaskereku2-300x200.jpg 300w, https:\/\/kobufe.hu\/wp-content\/uploads\/2023\/09\/fogaskereku2-450x300.jpg 450w\" sizes=\"(max-width: 900px) 100vw, 900px\" \/><\/a><\/div><\/div><\/div><\/div><\/div><\/div><\/section><section class=\"l-section wpb_row us_custom_8535c5f4 height_small\"><div class=\"l-section-h i-cf\"><div class=\"g-cols vc_row via_flex valign_top type_default stacking_default\"><div class=\"vc_col-sm-12 wpb_column vc_column_container\"><div class=\"vc_column-inner\"><div class=\"wpb_wrapper\"><div class=\"wpb_text_column\"><div class=\"wpb_wrapper\"><h2>Kindereisenbahn<\/h2>\n<\/div><\/div><\/div><\/div><\/div><\/div><\/div><\/section><section class=\"l-section wpb_row height_small\"><div class=\"l-section-h i-cf\"><div class=\"g-cols vc_row via_flex valign_middle type_default reversed stacking_default\"><div class=\"vc_col-sm-8 wpb_column vc_column_container\"><div class=\"vc_column-inner\"><div class=\"wpb_wrapper\"><div class=\"wpb_text_column\"><div class=\"wpb_wrapper\"><p>Nur einige Schritte von unserem Restaurant ist die Sz\u00e9chenyi-Berg Station der Kindereisenbahn. Nach einem guten Mittagessen kann man also mit ihr bis H\u0171v\u00f6sv\u00f6lgy fahren.<\/p>\n<p>Die Liene der Bahn ist etwa 11 Km lang mit den folgenden Stationen: Sz\u00e9chenyi-hegy \u00e1llom\u00e1s &#8211; Normafa meg\u00e1ll\u00f3hely &#8211; Csilleb\u00e9rc \u00e1llom\u00e1s &#8211; Vir\u00e1gv\u00f6lgy \u00e1llom\u00e1s &#8211; J\u00e1nos-hegy \u00e1llom\u00e1s \u2013 Vadaspark meg\u00e1ll\u00f3hely &#8211; Sz\u00e9pjuh\u00e1szn\u00e9 \u00e1llom\u00e1s &#8211; H\u00e1rs-hegy \u00e1llom\u00e1s &#8211; H\u0171v\u00f6sv\u00f6lgy \u00e1llom\u00e1s<\/p>\n<p>Warum hei\u00dft es Kindereisenbahn und warum bedeutet sie mehr f\u00fcr die Jugend als die Zahnradbahn? Nun, hier k\u00f6nnen die Kinder alles hautnah erleben. Sie selbst k\u00f6nnen f\u00fcr die Bahn \u201earbeiten\u201c. Nach erfolgreichem Kurs sind Sie beauftragt mit Fahrkarten drucken, die Eisenbahnweiche handhaben, die Fahrg\u00e4ste informieren und vieles mehr.<\/p>\n<\/div><\/div><div class=\"w-separator size_small\"><\/div><div class=\"w-btn-wrapper align_none\"><a class=\"w-btn us-btn-style_1\" target=\"_blank\" href=\"https:\/\/gyermekvasut.hu\/menetrend\/\" rel=\"noopener\"><span class=\"w-btn-label\">Fahrplan<\/span><\/a><\/div><\/div><\/div><\/div><div class=\"vc_col-sm-4 wpb_column vc_column_container\"><div class=\"vc_column-inner\"><div class=\"wpb_wrapper\"><div class=\"w-image us_custom_a2efae71 align_none\"><a href=\"https:\/\/kobufe.hu\/wp-content\/uploads\/2023\/09\/gyermekvasut.jpg\" ref=\"magnificPopup\" aria-label=\"Link\" class=\"w-image-h\"><img loading=\"lazy\" decoding=\"async\" width=\"900\" height=\"600\" src=\"https:\/\/kobufe.hu\/wp-content\/uploads\/2023\/09\/gyermekvasut.jpg\" class=\"attachment-full size-full\" alt=\"\" srcset=\"https:\/\/kobufe.hu\/wp-content\/uploads\/2023\/09\/gyermekvasut.jpg 900w, https:\/\/kobufe.hu\/wp-content\/uploads\/2023\/09\/gyermekvasut-600x400.jpg 600w, https:\/\/kobufe.hu\/wp-content\/uploads\/2023\/09\/gyermekvasut-300x200.jpg 300w, https:\/\/kobufe.hu\/wp-content\/uploads\/2023\/09\/gyermekvasut-450x300.jpg 450w\" sizes=\"(max-width: 900px) 100vw, 900px\" \/><\/a><\/div><\/div><\/div><\/div><\/div><\/div><\/section><section class=\"l-section wpb_row us_custom_8535c5f4 height_small\"><div class=\"l-section-h i-cf\"><div class=\"g-cols vc_row via_flex valign_top type_default stacking_default\"><div class=\"vc_col-sm-12 wpb_column vc_column_container\"><div class=\"vc_column-inner\"><div class=\"wpb_wrapper\"><div class=\"wpb_text_column\"><div class=\"wpb_wrapper\"><h2>Normafa<\/h2>\n<\/div><\/div><\/div><\/div><\/div><\/div><\/div><\/section><section class=\"l-section wpb_row height_small\"><div class=\"l-section-h i-cf\"><div class=\"g-cols vc_row via_flex valign_top type_default reversed stacking_default\"><div class=\"vc_col-sm-8 wpb_column vc_column_container\"><div class=\"vc_column-inner\"><div class=\"wpb_wrapper\"><div class=\"wpb_text_column\"><div class=\"wpb_wrapper\"><p>Normafa ist f\u00fcr Ausfl\u00fcge oder f\u00fcr gro\u00dfe Spazierg\u00e4nge eine ausgezeichnete Wahl. Auch im Winter ist es sch\u00f6n hier, besonders wenn es Schnee gibt. Hier kann man rodeln und Ski fahren. Es ist nur 10 Minuten von uns entfernt. Der Name &#8222;Normafa&#8220; stammt von einem existierenden Baum, der vor Jahrhunderten in der N\u00e4he wuchs. Der Sage nach hat sich auch K\u00f6nig Matthias (1458 \u2013 1490) in seinem Schatten rholt.<\/p>\n<p>Er wurde mehrmals vom Donner getroffen und schlie\u00dflich am 19. Juni 1927 wurde er von einem Donner zerst\u00f6rt.<\/p>\n<p>Der Name selbst kommt von den Artisten des Nationaltheaters. Die Schauspieler haben oft ihre Freizeit in diesem Gegend verbracht und eines Tages hat Roz\u00e1lia Klein Schodol\u00e1n\u00e9 (eine ber\u00fchmte Schauspielerin des Theaters) ein St\u00fcck von der Oper Bellini Norma hier aufgef\u00fchrt. Das ist also ein Memento f\u00fcr diese K\u00fcnstler. Der Baum hie\u00df fr\u00fcher Viharb\u00fckk.<\/p>\n<\/div><\/div><\/div><\/div><\/div><div class=\"vc_col-sm-4 wpb_column vc_column_container\"><div class=\"vc_column-inner\"><div class=\"wpb_wrapper\"><div class=\"w-image us_custom_a2efae71 align_none\"><a href=\"https:\/\/kobufe.hu\/wp-content\/uploads\/2023\/09\/normafa.jpg\" ref=\"magnificPopup\" aria-label=\"Link\" class=\"w-image-h\"><img loading=\"lazy\" decoding=\"async\" width=\"900\" height=\"600\" src=\"https:\/\/kobufe.hu\/wp-content\/uploads\/2023\/09\/normafa.jpg\" class=\"attachment-full size-full\" alt=\"\" srcset=\"https:\/\/kobufe.hu\/wp-content\/uploads\/2023\/09\/normafa.jpg 900w, https:\/\/kobufe.hu\/wp-content\/uploads\/2023\/09\/normafa-600x400.jpg 600w, https:\/\/kobufe.hu\/wp-content\/uploads\/2023\/09\/normafa-300x200.jpg 300w, https:\/\/kobufe.hu\/wp-content\/uploads\/2023\/09\/normafa-450x300.jpg 450w\" sizes=\"(max-width: 900px) 100vw, 900px\" \/><\/a><\/div><\/div><\/div><\/div><\/div><\/div><\/section><section class=\"l-section wpb_row us_custom_8535c5f4 height_small\"><div class=\"l-section-h i-cf\"><div class=\"g-cols vc_row via_flex valign_top type_default stacking_default\"><div class=\"vc_col-sm-12 wpb_column vc_column_container\"><div class=\"vc_column-inner\"><div class=\"wpb_wrapper\"><div class=\"wpb_text_column\"><div class=\"wpb_wrapper\"><h2>Aussichtsturm in J\u00e1nos Berg<\/h2>\n<\/div><\/div><\/div><\/div><\/div><\/div><\/div><\/section><section class=\"l-section wpb_row height_small\"><div class=\"l-section-h i-cf\"><div class=\"g-cols vc_row via_flex valign_top type_default reversed stacking_default\"><div class=\"vc_col-sm-8 wpb_column vc_column_container\"><div class=\"vc_column-inner\"><div class=\"wpb_wrapper\"><div class=\"wpb_text_column\"><div class=\"wpb_wrapper\"><p>Der J\u00e1nos Berg war sehr beliebt schon bevor dem Bau des Turmes. Er ist nicht weit weg von dem Restaurant. Mann kann zu Fu\u00df zum Turm spazieren oder mit der Kindereisenbahn hinfahren. Der Legende nach kann man vom J\u00e1noshegy sogar die Spitzen des T\u00e1tra Berges erblicken, wenn das Wetter klar ist. Der Name selbst soll von J\u00e1nos Hunyadi kommen, der angeblich von einer wundersch\u00f6nen, griechischen Frau gerettet wurde.<\/p>\n<p>Der 100 Jahre alte Aussichtsturm ist f\u00fcr alle im Bezirk, und besonders f\u00fcr uns ein gro\u00dfer Wert. Er wird f\u00fcr die Zukunft aufbewahrt und nun renoviert. Sogar die J\u00e1noshegyi Stra\u00dfe wird ein neues Aussehen haben. F\u00fcr die Jogger wird eine spezielle, elastische Oberfl\u00e4che erbaut, hoch zu dem J\u00e1nos Berg. Auch die zwei Spielpl\u00e4tze werden modernisiert.<\/p>\n<\/div><\/div><\/div><\/div><\/div><div class=\"vc_col-sm-4 wpb_column vc_column_container\"><div class=\"vc_column-inner\"><div class=\"wpb_wrapper\"><div class=\"w-image us_custom_a2efae71 align_none\"><a href=\"https:\/\/kobufe.hu\/wp-content\/uploads\/2023\/09\/kilato.jpg\" ref=\"magnificPopup\" aria-label=\"Link\" class=\"w-image-h\"><img loading=\"lazy\" decoding=\"async\" width=\"900\" height=\"600\" src=\"https:\/\/kobufe.hu\/wp-content\/uploads\/2023\/09\/kilato.jpg\" class=\"attachment-full size-full\" alt=\"\" srcset=\"https:\/\/kobufe.hu\/wp-content\/uploads\/2023\/09\/kilato.jpg 900w, https:\/\/kobufe.hu\/wp-content\/uploads\/2023\/09\/kilato-600x400.jpg 600w, https:\/\/kobufe.hu\/wp-content\/uploads\/2023\/09\/kilato-300x200.jpg 300w, https:\/\/kobufe.hu\/wp-content\/uploads\/2023\/09\/kilato-450x300.jpg 450w\" sizes=\"(max-width: 900px) 100vw, 900px\" \/><\/a><\/div><\/div><\/div><\/div><\/div><\/div><\/section><section class=\"l-section wpb_row us_custom_8535c5f4 height_small\"><div class=\"l-section-h i-cf\"><div class=\"g-cols vc_row via_flex valign_top type_default stacking_default\"><div class=\"vc_col-sm-12 wpb_column vc_column_container\"><div class=\"vc_column-inner\"><div class=\"wpb_wrapper\"><div class=\"wpb_text_column\"><div class=\"wpb_wrapper\"><h2>Sessellift (Libeg\u0151)<\/h2>\n<\/div><\/div><\/div><\/div><\/div><\/div><\/div><\/section><section class=\"l-section wpb_row height_small\"><div class=\"l-section-h i-cf\"><div class=\"g-cols vc_row via_flex valign_top type_default reversed stacking_default\"><div class=\"vc_col-sm-8 wpb_column vc_column_container\"><div class=\"vc_column-inner\"><div class=\"wpb_wrapper\"><div class=\"wpb_text_column\"><div class=\"wpb_wrapper\"><p>Ein weiterer, versteckter Schatz in Zugliget ist der Sessellift. Sie werden die 1040 Meter Fahrt mit der Libeg\u0151 sicherlich genie\u00dfen, vom Alter ganz unabh\u00e4ngig. Der Lift wird vom Zugliget gestartet. Dieses Tal wurde in Tausenden von Jahren geformt. Die Dolomitschichten sind eindeutig erkennbar wenn wir den Sz\u00f3sz\u00e9k Felsen betrachten, der unter dem T\u00fcnd\u00e9r und Hunyad-Berggrat befindet. Der Lift hebt Sie erst einmal \u00fcber den Wald, dann k\u00f6nnen Sie die kleinen sch\u00f6nen Privatgebiete unter Ihren F\u00fc\u00dfen sehen, sp\u00e4ter kommt die pure Natur. Die Endstation ist in der N\u00e4he von dem Aussichtsturm J\u00e1nos-Berg.<\/p>\n<p>Ganz anders ist von oben herunter zu fahren. Die Aussicht ist atemraubend. All die Berge, die von Pilis, der H\u00e1rmashat\u00e1r-Berg sind klar zu sehen. Budapest ist von dieser Entfernung so klein, als w\u00e4ren die H\u00e4user von Duplo-Steinen. Wenn das Wetter klar ist, k\u00f6nnen Sie sogar den Nasz\u00e1ly-Berg erblicken, der in V\u00e1c ist. Als wir uns der Endstation n\u00e4hern werden die von B\u00e4umen umgebene H\u00e4user und sch\u00f6ne Kirchen zu sehen. Der Sessellift loht sich f\u00fcr eine Runde. Oder eben f\u00fcr zwei: ab, und runter.<\/p>\n<\/div><\/div><\/div><\/div><\/div><div class=\"vc_col-sm-4 wpb_column vc_column_container\"><div class=\"vc_column-inner\"><div class=\"wpb_wrapper\"><div class=\"w-image us_custom_a2efae71 align_none\"><a href=\"https:\/\/kobufe.hu\/wp-content\/uploads\/2023\/09\/libego.jpg\" ref=\"magnificPopup\" aria-label=\"Link\" class=\"w-image-h\"><img loading=\"lazy\" decoding=\"async\" width=\"900\" height=\"600\" src=\"https:\/\/kobufe.hu\/wp-content\/uploads\/2023\/09\/libego.jpg\" class=\"attachment-full size-full\" alt=\"\" srcset=\"https:\/\/kobufe.hu\/wp-content\/uploads\/2023\/09\/libego.jpg 900w, https:\/\/kobufe.hu\/wp-content\/uploads\/2023\/09\/libego-600x400.jpg 600w, https:\/\/kobufe.hu\/wp-content\/uploads\/2023\/09\/libego-300x200.jpg 300w, https:\/\/kobufe.hu\/wp-content\/uploads\/2023\/09\/libego-450x300.jpg 450w\" sizes=\"(max-width: 900px) 100vw, 900px\" \/><\/a><\/div><\/div><\/div><\/div><\/div><\/div><\/section><section class=\"l-section wpb_row us_custom_8535c5f4 height_small\"><div class=\"l-section-h i-cf\"><div class=\"g-cols vc_row via_flex valign_top type_default stacking_default\"><div class=\"vc_col-sm-12 wpb_column vc_column_container\"><div class=\"vc_column-inner\"><div class=\"wpb_wrapper\"><div class=\"wpb_text_column\"><div class=\"wpb_wrapper\"><h2>Challengeland<\/h2>\n<\/div><\/div><\/div><\/div><\/div><\/div><\/div><\/section><section class=\"l-section wpb_row height_small\"><div class=\"l-section-h i-cf\"><div class=\"g-cols vc_row via_flex valign_top type_default reversed stacking_default\"><div class=\"vc_col-sm-8 wpb_column vc_column_container\"><div class=\"vc_column-inner\"><div class=\"wpb_wrapper\"><div class=\"wpb_text_column\"><div class=\"wpb_wrapper\"><p>Das Challengeland in Normafa ist der gr\u00f6\u00dfte Challenge Park Ungarns. Stellen Sie sich ein 3 Hektar gro\u00dfes Gebiet mit 200 Checkpointe vor. Hier haben sie die ultimative M\u00f6glichkeit, Ihre F\u00e4higkeiten und Ausdauer zu testen. Es gibt mehrere Levels, von Anf\u00e4nger bis zum Experten.<\/p>\n<p>Die Checkpointe im Challangelend bedeuten verschiedene Aufgabenstandorte, die auf Kabeln kletternd vom Baum zu Baum erreichbar sind. Der Spieler (klein oder gro\u00df) muss diese einzelne Checkpointe alleine erreichen. Beim Spielen seien sie unbesorgt. Die Sicherheit ist absolut garantiert. Die High-Tech-Zubeh\u00f6re und das speziale Personal sorgen f\u00fcr Ihre Sicherheit.<\/p>\n<p>Zum Gl\u00fcck ist das Chellangeland mit der Kindereisenbahn nur einige Minuten von unserem Restaurant entfernt.<\/p>\n<\/div><\/div><\/div><\/div><\/div><div class=\"vc_col-sm-4 wpb_column vc_column_container\"><div class=\"vc_column-inner\"><div class=\"wpb_wrapper\"><div class=\"w-image us_custom_a2efae71 align_none\"><a href=\"https:\/\/kobufe.hu\/wp-content\/uploads\/2023\/09\/challengeland.jpg\" ref=\"magnificPopup\" aria-label=\"Link\" class=\"w-image-h\"><img loading=\"lazy\" decoding=\"async\" width=\"900\" height=\"600\" src=\"https:\/\/kobufe.hu\/wp-content\/uploads\/2023\/09\/challengeland.jpg\" class=\"attachment-full size-full\" alt=\"\" srcset=\"https:\/\/kobufe.hu\/wp-content\/uploads\/2023\/09\/challengeland.jpg 900w, https:\/\/kobufe.hu\/wp-content\/uploads\/2023\/09\/challengeland-600x400.jpg 600w, https:\/\/kobufe.hu\/wp-content\/uploads\/2023\/09\/challengeland-300x200.jpg 300w, https:\/\/kobufe.hu\/wp-content\/uploads\/2023\/09\/challengeland-450x300.jpg 450w\" sizes=\"(max-width: 900px) 100vw, 900px\" \/><\/a><\/div><\/div><\/div><\/div><\/div><\/div><\/section>\n","protected":false},"excerpt":{"rendered":"Sehensw\u00fcrdigkeiten Unser Restaurant ist nicht nur ein Ort f\u00fcr gute Speisen und Getr\u00e4nke. Er liegt in den Armen des Sz\u00e9chensi-Berges, wo die Natur wunderbare Sehensw\u00fcrdigkeiten bergt. Zahnradbahn (Fogaskerek\u0171) Die Endstation der Bahn ist ganz nahe zu K\u0151b\u00fcf\u00e9. Sie wird von V\u00e1rosmajor gestartet und rollt bis zu unserem Restaurant. Die Zahnradbahn bedeutet f\u00fcr uns viele Erinnerungen....","protected":false},"author":4,"featured_media":0,"parent":0,"menu_order":0,"comment_status":"closed","ping_status":"closed","template":"","meta":{"footnotes":""},"_links":{"self":[{"href":"https:\/\/kobufe.hu\/de\/wp-json\/wp\/v2\/pages\/1460"}],"collection":[{"href":"https:\/\/kobufe.hu\/de\/wp-json\/wp\/v2\/pages"}],"about":[{"href":"https:\/\/kobufe.hu\/de\/wp-json\/wp\/v2\/types\/page"}],"author":[{"embeddable":true,"href":"https:\/\/kobufe.hu\/de\/wp-json\/wp\/v2\/users\/4"}],"replies":[{"embeddable":true,"href":"https:\/\/kobufe.hu\/de\/wp-json\/wp\/v2\/comments?post=1460"}],"version-history":[{"count":6,"href":"https:\/\/kobufe.hu\/de\/wp-json\/wp\/v2\/pages\/1460\/revisions"}],"predecessor-version":[{"id":1546,"href":"https:\/\/kobufe.hu\/de\/wp-json\/wp\/v2\/pages\/1460\/revisions\/1546"}],"wp:attachment":[{"href":"https:\/\/kobufe.hu\/de\/wp-json\/wp\/v2\/media?parent=1460"}],"curies":[{"name":"wp","href":"https:\/\/api.w.org\/{rel}","templated":true}]}}