{"id":1455,"date":"2023-09-07T15:11:15","date_gmt":"2023-09-07T13:11:15","guid":{"rendered":"https:\/\/kbf.artamax.eu\/vendegkonyv\/"},"modified":"2023-12-06T17:40:20","modified_gmt":"2023-12-06T15:40:20","slug":"gaestebuch","status":"publish","type":"page","link":"https:\/\/kobufe.hu\/de\/gaestebuch\/","title":{"rendered":"G\u00e4stebuch"},"content":{"rendered":"<section class=\"l-section wpb_row height_small\"><div class=\"l-section-h i-cf\"><div class=\"g-cols vc_row via_flex valign_top type_default stacking_default\"><div class=\"vc_col-sm-12 wpb_column vc_column_container\"><div class=\"vc_column-inner\"><div class=\"wpb_wrapper\"><div class=\"wpb_text_column\"><div class=\"wpb_wrapper\"><h1>G\u00e4stebuch<\/h1>\n<\/div><\/div><div class=\"w-separator size_small\"><\/div><div class=\"wpb_text_column\"><div class=\"wpb_wrapper\"><p><strong>Das Personal von K\u0151b\u00fcf\u00e9 bem\u00fcht sich Tag und Nacht Ihnen die besten Speisen und Getr\u00e4nke zu servieren und um eine unvergessliche Atmosph\u00e4re zu sichern. Wir hoffen, dass es uns gelungen ist, Sie mit sch\u00f6nen Erlebnissen reicher zu machen. Wir w\u00e4ren sehr dankbar, wenn Sie die Zeit nehmen w\u00fcrden, und kurz beschreiben w\u00fcrden, was Ihnen hier besonders gefallen hat.<\/strong><\/p>\n<\/div><\/div><\/div><\/div><\/div><\/div><\/div><\/section><section class=\"l-section wpb_row height_small\"><div class=\"l-section-h i-cf\"><div class=\"g-cols vc_row via_flex valign_top type_default stacking_default\"><div class=\"vc_col-sm-12 wpb_column vc_column_container\"><div class=\"vc_column-inner\"><div class=\"wpb_wrapper\"><div class=\"wpb_text_column\"><div class=\"wpb_wrapper\"><h2>Vend\u00e9geink \u00edrt\u00e1k<\/h2>\n<\/div><\/div><div class=\"w-separator size_small\"><\/div><div class=\"wpb_text_column\"><div class=\"wpb_wrapper\"><blockquote>\n<p>F\u00fcr uns ist K\u0151b\u00fcf\u00e9 eine Institution&#8230; wir kamen hierher, um zu reden, zuzusehen, uns etwas auszuruhen, ein Bier zu trinken&#8230; Das Ganze strahlt etwas Zeitloses und Nostalgisches aus&#8230; die Kindereisenbahn ist in der N\u00e4he und Normafa ist ein Guter Spaziergang&#8230;. Auch die Terrassenrenovierung ist gelungen, es ist gem\u00fctlicher geworden&#8230; Hier l\u00e4sst es sich sch\u00f6n ausruhen&#8230; Ich hoffe, dass sich nichts \u00e4ndert und wir uns noch viele Male gut gelaunt und bei guter Gesundheit treffen!!!<br \/>\n<em>\u2013 Juli\/Ati<\/em><\/p>\n<\/blockquote>\n<blockquote>\n<p>\u00c4hm, Steinbuffet? Morgenkaffee mit Freunden, Weingetr\u00e4nke am Abend, angenehme Atmosph\u00e4re, sonnige Terrasse, schattiger Gartenbereich, freundliches Personal und Management, ein paar Monate Arbeit, faszinierende Umgebung, Stammg\u00e4ste, Frici, die Katze, die auf der Liste nicht fehlen darf, und das Letzte nicht zuletzt eine wichtige und eindringliche pers\u00f6nliche Erfahrung \ud83d\ude42 Dies sind die ersten Dinge, die mir an diesem Ort in den Sinn kommen. Oft genie\u00dfe ich die Atmosph\u00e4re, hier in geselliger Runde einen Kaffee zu trinken, mal einen Drink am Abend mit meiner Liebsten, mal ein Abendessen. Dar\u00fcber hinaus bot K\u0151b\u00fcf\u00e9 auch einen idealen Ort f\u00fcr meine 30. Geburtstagsfeier, die eine tolle Atmosph\u00e4re hatte und bis zum Morgengrauen dauerte. Vielen Dank f\u00fcr alles und wir w\u00fcnschen Ihnen weiterhin viel Erfolg!<br \/>\n<em>\u2013 Zsuzsi &amp; Tibci<\/em><\/p>\n<\/blockquote>\n<blockquote>\n<p>Vor Silvester, Dez. Ich habe Sie am 30. besucht und konnte meinen Augen einfach nicht trauen. Einen so geschmackvollen, gem\u00fctlichen und intimen Gastronomiebetrieb findet man in Ungarn nicht, zumal es sich um ein &#8222;einfaches kleines Buffet&#8220; in einem Wandergebiet handelt, was eigentlich nicht einfach, aber gro\u00dfartig ist! Ich war viel in \u00d6sterreich und Deutschland, wo ich kurze Zeit gelebt habe, und nun dachte ich, ich w\u00fcrde bei Ihnen die gleichen M\u00f6bel und Dekorationen entdecken, die ich damals dort gesehen habe. Daher kann ich Ihnen nur zu der geschmackvollen, gem\u00fctlichen und intimen Einrichtung gratulieren. Leider habe ich bei meinem Aufenthalt dort nur Gl\u00fchwein getrunken, aber in Zukunft werde ich Sie auf jeden Fall wieder besuchen und aus der reichhaltigen, k\u00f6stlichen Speisenauswahl auf jeden Fall etwas sehr Leckeres probieren, damit nicht nur die Seele es genie\u00dfen kann , sondern auch der Magen. Ich sende meine Gr\u00fc\u00dfe und w\u00fcnsche Ihnen ein frohes neues Jahr.<br \/>\n<em>\u2013 Eva Semler<\/em><\/p>\n<\/blockquote>\n<blockquote>\n<p>In den letzten Jahren habe ich viele sch\u00f6ne Erinnerungen an K\u0151b\u00fcf\u00e9, aber die unvergesslichste von allen war mein 25. Geburtstag, als meine Br\u00fcder und Freunde freundlicherweise eine \u00dcberraschungs-Geburtstagsfeier organisierten und K\u0151b\u00fcf\u00e9 als Veranstaltungsort w\u00e4hlten. Nochmals vielen Dank, dass mein Lieblingsort dieses Treffen ausrichten durfte. Die Party verlief sehr gut und war eine lebensver\u00e4ndernde Erfahrung. Der von Ihnen gebackene Pfannkuchenkuchen hat den Abend besonders gekr\u00f6nt.<br \/>\n<em>\u2013 Danke: Imre Laci<\/em><\/p>\n<\/blockquote>\n<blockquote>\n<p>Ich bin Stammgast bei Ihnen. Der Ort ist wirklich gem\u00fctlich und das Angebot ist sehr lecker! Besonders gut gefiel mir die einheimische Katze, die bei warmem Wetter, w\u00e4hrend wir uns mit unseren Freunden unterhielten, ein friedliches, s\u00fc\u00dfes Nickerchen auf dem Stuhl hinter uns machte:) Wie auch immer, alles ist wirklich gro\u00dfartig! Der Service ist dynamisch, dar\u00fcber kann man sich nicht beschweren! Ich w\u00fcnsche Ihnen alles Gute!<br \/>\n<em>\u2013 Zita<\/em><\/p>\n<\/blockquote>\n<blockquote>\n<p>Ich mag diesen Ort wirklich, weil man hier immer willkommen ist, auch wenn man in seiner Jogginghose verschwitzt ist!<br \/>\n<em>\u2013 Dalma Tabori<\/em><\/p>\n<\/blockquote>\n<blockquote>\n<p>Ich bin wirklich gerne im K\u0151 B\u00fcfe und esse dort. Die Speisekarte ist ausgezeichnet und das Essen ist sehr lecker. Das &#8222;Vibrationsgelee&#8220; aus dem Winterangebot habe ich bereits probiert und es war sehr lecker, genau wie die Fischsuppe. Auch B\u00e9la gef\u00e4llt uns sehr gut und auch die anderen Mitarbeiter sind stets h\u00f6flich und hilfsbereit. Frohe Weihnachten an alle Mitarbeiter von K\u0151 B\u00fcf\u00e9!<br \/>\n<em>\u2013 D\u00e1vid M\u00e1trai<\/em><\/p>\n<\/blockquote>\n<blockquote>\n<p>Lieber K\u0151b\u00fcf\u00e9, das gebratene H\u00e4hnchenschenkelfilet ist sehr lecker!<br \/>\n<em>\u2013 Danke: Zolt\u00e1n und \u00c1goston Csehi<\/em><\/p>\n<\/blockquote>\n<blockquote>\n<p>Mein Mann ist fast t\u00e4glich Gast bei Ihnen, weil ihm der Gl\u00fchwein der Firma sehr gut schmeckt. Nirgendwo bekommt man so wohlschmeckenden Gl\u00fchwein wie hier. Ein weiterer Favorit ist die Gulaschsuppe, die ebenfalls von ausgezeichneter Qualit\u00e4t ist. Auch wir lieben Sommerabende, einen angenehmen, k\u00fchlen Zeitvertreib. Wir wohnen auf der gegen\u00fcberliegenden Anh\u00f6he, wir erreichen Sie mit der Stra\u00dfenbahn Nr. 61 und dem Kleiderb\u00fcgel.<br \/>\n<em>\u2013 Marianna Karcsay und Rezs\u0151<\/em><\/p>\n<\/blockquote>\n<blockquote>\n<p>Nach einem angenehmen Waldspaziergang ein gem\u00fctliches Restaurant besuchen, lecker essen, trinken, was braucht man sonst noch? \ud83d\ude42<br \/>\n<em>\u2013 Fr\u00e4ulein Judit Sz\u00e9ll \u00c9den<\/em><\/p>\n<\/blockquote>\n<blockquote>\n<p>Ich mag K\u0151b\u00fcf\u00e9 wirklich, es war fr\u00fcher und heute eines der besten Restaurants in Normafa. Ich w\u00fcnsche allen Mitarbeitern viel Gl\u00fcck und sch\u00f6ne Feiertage!<br \/>\n<em>\u2013 Zsolti<\/em><\/p>\n<\/blockquote>\n<\/div><\/div><\/div><\/div><\/div><\/div><\/div><\/section><section class=\"l-section wpb_row height_small\"><div class=\"l-section-h i-cf\"><div class=\"g-cols vc_row via_flex valign_top type_default stacking_default\"><div class=\"vc_col-sm-12 wpb_column vc_column_container\"><div class=\"vc_column-inner\"><div class=\"wpb_wrapper\"><div class=\"wpb_text_column\"><div class=\"wpb_wrapper\"><p><strong>Vielen Dank an alle, die ihre K\u0151buff\u00e9-Erfahrungen mit uns geteilt haben.<\/strong><\/p>\n<\/div><\/div><\/div><\/div><\/div><\/div><\/div><\/section>\n","protected":false},"excerpt":{"rendered":"G\u00e4stebuch Das Personal von K\u0151b\u00fcf\u00e9 bem\u00fcht sich Tag und Nacht Ihnen die besten Speisen und Getr\u00e4nke zu servieren und um eine unvergessliche Atmosph\u00e4re zu sichern. Wir hoffen, dass es uns gelungen ist, Sie mit sch\u00f6nen Erlebnissen reicher zu machen. Wir w\u00e4ren sehr dankbar, wenn Sie die Zeit nehmen w\u00fcrden, und kurz beschreiben w\u00fcrden, was Ihnen...","protected":false},"author":4,"featured_media":0,"parent":0,"menu_order":0,"comment_status":"closed","ping_status":"closed","template":"","meta":{"footnotes":""},"_links":{"self":[{"href":"https:\/\/kobufe.hu\/de\/wp-json\/wp\/v2\/pages\/1455"}],"collection":[{"href":"https:\/\/kobufe.hu\/de\/wp-json\/wp\/v2\/pages"}],"about":[{"href":"https:\/\/kobufe.hu\/de\/wp-json\/wp\/v2\/types\/page"}],"author":[{"embeddable":true,"href":"https:\/\/kobufe.hu\/de\/wp-json\/wp\/v2\/users\/4"}],"replies":[{"embeddable":true,"href":"https:\/\/kobufe.hu\/de\/wp-json\/wp\/v2\/comments?post=1455"}],"version-history":[{"count":3,"href":"https:\/\/kobufe.hu\/de\/wp-json\/wp\/v2\/pages\/1455\/revisions"}],"predecessor-version":[{"id":1458,"href":"https:\/\/kobufe.hu\/de\/wp-json\/wp\/v2\/pages\/1455\/revisions\/1458"}],"wp:attachment":[{"href":"https:\/\/kobufe.hu\/de\/wp-json\/wp\/v2\/media?parent=1455"}],"curies":[{"name":"wp","href":"https:\/\/api.w.org\/{rel}","templated":true}]}}